{"id":116,"date":"2022-06-15T06:57:32","date_gmt":"2022-06-15T06:57:32","guid":{"rendered":"http:\/\/masacare.com.tr\/?page_id=116"},"modified":"2022-09-20T10:17:02","modified_gmt":"2022-09-20T10:17:02","slug":"about-us","status":"publish","type":"page","link":"http:\/\/masacare.com.tr\/tr\/about-us\/","title":{"rendered":"Hakk\u0131m\u0131zda"},"content":{"rendered":"<div data-colibri-id=\"116-c1\" class=\"style-1248 style-local-116-c1 position-relative\">\n  <!---->\n  <div data-colibri-component=\"section\" data-colibri-id=\"116-c2\" id=\"overlappable\" class=\"h-section h-section-global-spacing d-flex align-items-lg-center align-items-md-center align-items-center style-1249 style-local-116-c2 position-relative\">\n    <!---->\n    <!---->\n    <div class=\"h-section-grid-container h-section-boxed-container\">\n      <!---->\n      <div data-colibri-id=\"116-c3\" class=\"h-row-container gutters-row-lg-0 gutters-row-md-0 gutters-row-2 gutters-row-v-lg-0 gutters-row-v-md-0 gutters-row-v-2 style-1250 style-local-116-c3 position-relative\">\n        <!---->\n        <div class=\"h-row justify-content-lg-center justify-content-md-center justify-content-center align-items-lg-stretch align-items-md-stretch align-items-stretch gutters-col-lg-0 gutters-col-md-0 gutters-col-2 gutters-col-v-lg-0 gutters-col-v-md-0 gutters-col-v-2\">\n          <!---->\n          <div class=\"h-column h-column-container d-flex h-col-lg-3 h-col-md-3 h-col-12 style-1251-outer style-local-116-c4-outer\">\n            <div data-colibri-id=\"116-c4\" class=\"d-flex h-flex-basis h-column__inner h-px-lg-3 h-px-md-3 h-px-2 v-inner-lg-3 v-inner-md-3 v-inner-2 style-1251 style-local-116-c4 position-relative\">\n              <!---->\n              <!---->\n              <div class=\"w-100 h-y-container h-column__content h-column__v-align flex-basis-100 align-self-lg-center align-self-md-center align-self-center\">\n                <!---->\n                <div data-colibri-id=\"116-c5\" class=\"h-icon style-1252 style-local-116-c5 position-relative h-element\">\n                  <!----><span class=\"h-svg-icon h-icon__icon style-1252-icon style-local-116-c5-icon\"><!--Icon by Font Awesome (https:\/\/fontawesome.com)--><svg version=\"1.1\" xmlns=\"http:\/\/www.w3.org\/2000\/svg\" xmlns:xlink=\"http:\/\/www.w3.org\/1999\/xlink\" id=\"paper-plane\" viewbox=\"0 0 1792.0013 1896.0833\"><path d=\"M1764 11q33 24 27 64l-256 1536q-5 29-32 45-14 8-31 8-11 0-24-5l-453-185-242 295q-18 23-49 23-13 0-22-4-19-7-30.5-23.5T640 1728v-349l864-1059-1069 925-395-162q-37-14-40-55-2-40 32-59L1696 9q15-9 32-9 20 0 36 11z\"><\/path><\/svg><\/span><\/div>\n                <div\n                  data-colibri-id=\"116-c6\" class=\"h-global-transition-all h-heading style-1253 style-local-116-c6 position-relative h-element\">\n                  <!---->\n                  <div class=\"h-heading__outer style-1253 style-local-116-c6\">\n                    <!---->\n                    <!---->\n                    <h5 class=\"\">B\u0130Z K\u0130M\u0130Z<\/h5>\n                  <\/div>\n              <\/div>\n              <div data-colibri-id=\"116-c7\" class=\"h-text h-text-component style-1254 style-local-116-c7 position-relative h-element\">\n                <!---->\n                <!---->\n                <div class=\"\">\n                  <p><span style=\"font-weight: 600; font-size: 16px; font-family: &quot;Open Sans&quot;; color: rgb(202, 40, 166);\">Firmam\u0131z, \u00e7ok \u00e7e\u015fitli d\u00fczenleyici belgeler ve cGMP dan\u0131\u015fmanl\u0131k \u00e7\u00f6z\u00fcmleri konusunda size tavsiyede bulunmak ve destek olmak i\u00e7in burada.<\/span><\/p>\n                <\/div>\n              <\/div>\n            <\/div>\n          <\/div>\n        <\/div>\n        <div class=\"h-column h-column-container d-flex h-col-lg-3 h-col-md-3 h-col-12 style-1251-outer style-local-116-c8-outer\">\n          <div data-colibri-id=\"116-c8\" class=\"d-flex h-flex-basis h-column__inner h-px-lg-3 h-px-md-3 h-px-2 v-inner-lg-3 v-inner-md-3 v-inner-2 style-1251 style-local-116-c8 position-relative\">\n            <!---->\n            <!---->\n            <div class=\"w-100 h-y-container h-column__content h-column__v-align flex-basis-100 align-self-lg-center align-self-md-center align-self-center\">\n              <!---->\n              <div data-colibri-id=\"116-c9\" class=\"h-icon style-1252 style-local-116-c9 position-relative h-element\">\n                <!----><span class=\"h-svg-icon h-icon__icon style-1252-icon style-local-116-c9-icon\"><!--Icon by Font Awesome (https:\/\/fontawesome.com)--><svg version=\"1.1\" xmlns=\"http:\/\/www.w3.org\/2000\/svg\" xmlns:xlink=\"http:\/\/www.w3.org\/1999\/xlink\" id=\"signal\" viewbox=\"0 0 1792 1896.0833\"><path d=\"M256 1440v192q0 14-9 23t-23 9H32q-14 0-23-9t-9-23v-192q0-14 9-23t23-9h192q14 0 23 9t9 23zm384-128v320q0 14-9 23t-23 9H416q-14 0-23-9t-9-23v-320q0-14 9-23t23-9h192q14 0 23 9t9 23zm384-256v576q0 14-9 23t-23 9H800q-14 0-23-9t-9-23v-576q0-14 9-23t23-9h192q14 0 23 9t9 23zm384-384v960q0 14-9 23t-23 9h-192q-14 0-23-9t-9-23V672q0-14 9-23t23-9h192q14 0 23 9t9 23zm384-512v1472q0 14-9 23t-23 9h-192q-14 0-23-9t-9-23V160q0-14 9-23t23-9h192q14 0 23 9t9 23z\"><\/path><\/svg><\/span><\/div>\n              <div\n                data-colibri-id=\"116-c10\" class=\"h-global-transition-all h-heading style-1253 style-local-116-c10 position-relative h-element\">\n                <!---->\n                <div class=\"h-heading__outer style-1253 style-local-116-c10\">\n                  <!---->\n                  <!---->\n                  <h5 class=\"\">G\u00d6REV\u0130M\u0130Z<\/h5>\n                <\/div>\n            <\/div>\n            <div data-colibri-id=\"116-c11\" class=\"h-text h-text-component style-1254 style-local-116-c11 position-relative h-element\">\n              <!---->\n              <!---->\n              <div class=\"\">\n                <p><span style=\"font-weight: 600;\">Misyonumuz, standart gereksinimleri yorumlamak ve anlamak,<\/span><\/p>\n              <\/div>\n            <\/div>\n          <\/div>\n        <\/div>\n      <\/div>\n      <div class=\"h-column h-column-container d-flex h-col-lg-3 h-col-md-3 h-col-12 style-1251-outer style-local-116-c12-outer\">\n        <div data-colibri-id=\"116-c12\" class=\"d-flex h-flex-basis h-column__inner h-px-lg-3 h-px-md-3 h-px-2 v-inner-lg-3 v-inner-md-3 v-inner-2 style-1251 style-local-116-c12 position-relative\">\n          <!---->\n          <!---->\n          <div class=\"w-100 h-y-container h-column__content h-column__v-align flex-basis-100 align-self-lg-center align-self-md-center align-self-center\">\n            <!---->\n            <div data-colibri-id=\"116-c13\" class=\"h-icon style-1252 style-local-116-c13 position-relative h-element\">\n              <!----><span class=\"h-svg-icon h-icon__icon style-1252-icon style-local-116-c13-icon\"><!--Icon by Icons8 Line Awesome (https:\/\/icons8.com\/line-awesome)--><svg version=\"1.1\" xmlns=\"http:\/\/www.w3.org\/2000\/svg\" xmlns:xlink=\"http:\/\/www.w3.org\/1999\/xlink\" id=\"cubes\" viewbox=\"0 0 512 545.5\"><path d=\"M256 96l6 2.5 96 38.5 10 4v107.5l86.5 37.5 9.5 4.5v129l-8 5-96 53.5-7.5 4-7.5-3.5-89-44.5-89 44.5-7.5 3.5-7.5-4-96-53.5-8-5v-129l9.5-4.5 86.5-37.5V141l10-4 96-38.5zm0 35l-52.5 20.5L256 172l52.5-20.5zm-80 44v74l64 28.5v-78zm160 0l-64 24.5v78l64-28.5v-74zM160 277l-58 25 58 29 58-28.5zm192 0l-40 17.5-18 8 58 28.5 58-29zM80 326.5V401l64 36v-78.5zm352 0l-64 32V437l64-36v-74.5zm-192 1l-64 31V438l64-32v-78.5zm32 0V406l64 32v-79.5z\"><\/path><\/svg><\/span><\/div>\n            <div\n              data-colibri-id=\"116-c14\" class=\"h-global-transition-all h-heading style-1253 style-local-116-c14 position-relative h-element\">\n              <!---->\n              <div class=\"h-heading__outer style-1253 style-local-116-c14\">\n                <!---->\n                <!---->\n                <h5 class=\"\">V\u0130ZYONUMUZ<\/h5>\n              <\/div>\n          <\/div>\n          <div data-colibri-id=\"116-c15\" class=\"h-text h-text-component style-1254 style-local-116-c15 position-relative h-element\">\n            <!---->\n            <!---->\n            <div class=\"\">\n              <p><span style=\"font-weight: 600; font-size: 16.16px; font-family: &quot;Open Sans&quot;; color: rgb(202, 40, 166);\">Mevcut memnun m\u00fc\u015fterilerden gelen onaylarla lider bir d\u00fczenleyici dan\u0131\u015fmanl\u0131k \u015firketi olarak ortaya \u00e7\u0131kmak<\/span><\/p>\n            <\/div>\n          <\/div>\n        <\/div>\n      <\/div>\n    <\/div>\n    <div class=\"h-column h-column-container d-flex h-col-lg-3 h-col-md-3 h-col-12 style-1255-outer style-local-116-c16-outer\">\n      <div data-colibri-id=\"116-c16\" class=\"d-flex h-flex-basis h-column__inner h-px-lg-3 h-px-md-3 h-px-2 v-inner-lg-3 v-inner-md-3 v-inner-2 style-1255 style-local-116-c16 position-relative\">\n        <!---->\n        <!---->\n        <div class=\"w-100 h-y-container h-column__content h-column__v-align flex-basis-100 align-self-lg-center align-self-md-center align-self-center\">\n          <!---->\n          <div data-colibri-id=\"116-c17\" class=\"h-icon style-1252 style-local-116-c17 position-relative h-element\">\n            <!----><span class=\"h-svg-icon h-icon__icon style-1252-icon style-local-116-c17-icon\"><!--Icon by Icons8 Line Awesome (https:\/\/icons8.com\/line-awesome)--><svg version=\"1.1\" xmlns=\"http:\/\/www.w3.org\/2000\/svg\" xmlns:xlink=\"http:\/\/www.w3.org\/1999\/xlink\" id=\"area-chart\" viewbox=\"0 0 512 545.5\"><path d=\"M448 97v383H64V204.5l19 4 73 14.5 91-60.5 5.5-3.5 6 1 89.5 15 74-58zm-32 65.5l-54 42-5.5 4.5-7-1-90-15-90.5 60.5-5.5 3.5-6.5-1.5-61-12V309l62 25 89-59.5 6.5-4 7.5 2.5 87.5 29 67.5-53.5v-86zm0 127l-54 43-7 5.5-8-3-88-29.5-90 60-7 4.5-8-3-58-23v104h320V289.5z\"><\/path><\/svg><\/span><\/div>\n          <div\n            data-colibri-id=\"116-c18\" class=\"h-global-transition-all h-heading style-1253 style-local-116-c18 position-relative h-element\">\n            <!---->\n            <div class=\"h-heading__outer style-1253 style-local-116-c18\">\n              <!---->\n              <!---->\n              <h5 class=\"\">PLANLAMA<\/h5>\n            <\/div>\n        <\/div>\n        <div data-colibri-id=\"116-c19\" class=\"h-text h-text-component style-1254 style-local-116-c19 position-relative h-element\">\n          <!---->\n          <!---->\n          <div class=\"\">\n            <p><span style=\"font-weight: 600; font-size: 16.16px; font-family: &quot;Open Sans&quot;; color: rgb(202, 40, 166);\">d\u00fczenleyici makamlardan gelebilecek olas\u0131 sorular\u0131n \u00fcstesinden gelmek i\u00e7in yeni yollar bulmak ve yeni stratejiler olu\u015fturmak.<\/span><\/p>\n          <\/div>\n        <\/div>\n      <\/div>\n    <\/div>\n  <\/div>\n<\/div>\n<\/div>\n<\/div>\n<\/div>\n<div data-colibri-component=\"section\" data-colibri-id=\"116-c20\" id=\"content\" class=\"h-section h-section-global-spacing d-flex align-items-lg-center align-items-md-center align-items-center style-1256 style-local-116-c20 position-relative\">\n  <!---->\n  <!---->\n  <div class=\"h-section-grid-container h-section-fluid-container\">\n    <!---->\n    <div data-colibri-id=\"116-c21\" class=\"h-row-container gutters-row-lg-0 gutters-row-md-0 gutters-row-2 gutters-row-v-lg-0 gutters-row-v-md-0 gutters-row-v-2 style-1257 style-local-116-c21 position-relative\">\n      <!---->\n      <div class=\"h-row justify-content-lg-center justify-content-md-center justify-content-center align-items-lg-stretch align-items-md-stretch align-items-stretch gutters-col-lg-0 gutters-col-md-0 gutters-col-2 gutters-col-v-lg-0 gutters-col-v-md-0 gutters-col-v-2\">\n        <!---->\n        <div class=\"h-column h-column-container d-flex h-col-lg-auto h-col-md-auto h-col-auto style-1258-outer style-local-116-c22-outer\">\n          <div data-colibri-id=\"116-c22\" class=\"d-flex h-flex-basis h-column__inner h-px-lg-0 h-px-md-0 h-px-0 v-inner-lg-0 v-inner-md-0 v-inner-0 style-1258 style-local-116-c22 position-relative\">\n            <!---->\n            <!---->\n            <div class=\"w-100 h-y-container h-column__content h-column__v-align flex-basis-100 align-self-lg-start align-self-md-start align-self-start\">\n              <!---->\n              <div data-colibri-id=\"116-c23\" class=\"h-global-transition-all h-heading style-1259 style-local-116-c23 position-relative h-element\">\n                <!---->\n                <div class=\"h-heading__outer style-1259 style-local-116-c23\">\n                  <!---->\n                  <!---->\n                  <h4 class=\"\">\u015e\u0130RKET GENEL BAKI\u015eI<\/h4>\n                <\/div>\n              <\/div>\n              <div data-colibri-id=\"116-c24\" class=\"h-global-transition-all h-heading style-1260 style-local-116-c24 position-relative h-element\">\n                <!---->\n                <div class=\"h-heading__outer style-1260 style-local-116-c24\">\n                  <!---->\n                  <!---->\n                  <h2 class=\"\">Kalite G\u00fcvencesi ve Veri G\u00fcvenli\u011fi ile En \u0130yi Mevzuat \u00c7\u00f6z\u00fcm\u00fcn\u00fc Sunmak<\/h2>\n                <\/div>\n              <\/div>\n              <div data-colibri-id=\"116-c25\" class=\"h-text h-text-component style-1261 style-local-116-c25 position-relative h-element\">\n                <!---->\n                <!---->\n                <div class=\"\">\n                  <h3><strong>20+ Y\u0131ldan Fazla Pratik Tecr\u00fcbemiz Var<\/strong><\/h3>\n                  <p><strong style=\"font-weight: 600;\">\u201cYapt\u0131klar\u0131m\u0131z\u0131 ve m\u00fc\u015fterilerimiz ve i\u00e7inde \u00e7al\u0131\u015ft\u0131\u011f\u0131m\u0131z ve ya\u015fad\u0131\u011f\u0131m\u0131z topluluklar \u00fczerindeki etkimizi derinden \u00f6nemsiyoruz. Hepimize \u00f6zeldir.\u201d<\/strong><\/p>\n                  <p>&nbsp;<\/p>\n                  <p>Temel de\u011ferlerimiz, organizasyonumuzun k\u00fclt\u00fcr\u00fcn\u00fc \u015fekillendirir ve \u015firketimizin karakterini tan\u0131mlar.<\/p>\n                <\/div>\n              <\/div>\n            <\/div>\n          <\/div>\n        <\/div>\n        <div class=\"h-column h-column-container d-flex h-col-lg-auto h-col-md-auto h-col-auto style-1266-outer style-local-116-c26-outer\">\n          <div data-colibri-id=\"116-c26\" class=\"d-flex h-flex-basis h-column__inner h-ui-empty-state-container h-px-lg-0 h-px-md-0 h-px-0 v-inner-lg-0 v-inner-md-0 v-inner-0 style-1266 style-local-116-c26 position-relative\">\n            <!---->\n            <!---->\n            <div class=\"w-100 h-y-container h-column__content h-column__v-align flex-basis-100\">\n              <!---->\n            <\/div>\n          <\/div>\n        <\/div>\n      <\/div>\n    <\/div>\n  <\/div>\n<\/div>\n<\/div>","protected":false},"excerpt":{"rendered":"<p>WHO WE ARE Our firm is here to advise and support you on a wide range of regulatory documentation and cGMP advisory solutions. OUR MISSION Our mission is to interpret and understand standard requirements, OUR VISION To emerge as a leading regulatory consulting company by endorsements from existing satisfied customers PLANNING find new ways and [&hellip;]<\/p>","protected":false},"author":1,"featured_media":0,"parent":0,"menu_order":0,"comment_status":"closed","ping_status":"closed","template":"page-templates\/full-width-page.php","meta":{"footnotes":""},"class_list":["post-116","page","type-page","status-publish","hentry"],"_links":{"self":[{"href":"http:\/\/masacare.com.tr\/tr\/wp-json\/wp\/v2\/pages\/116","targetHints":{"allow":["GET"]}}],"collection":[{"href":"http:\/\/masacare.com.tr\/tr\/wp-json\/wp\/v2\/pages"}],"about":[{"href":"http:\/\/masacare.com.tr\/tr\/wp-json\/wp\/v2\/types\/page"}],"author":[{"embeddable":true,"href":"http:\/\/masacare.com.tr\/tr\/wp-json\/wp\/v2\/users\/1"}],"replies":[{"embeddable":true,"href":"http:\/\/masacare.com.tr\/tr\/wp-json\/wp\/v2\/comments?post=116"}],"version-history":[{"count":3,"href":"http:\/\/masacare.com.tr\/tr\/wp-json\/wp\/v2\/pages\/116\/revisions"}],"predecessor-version":[{"id":1137,"href":"http:\/\/masacare.com.tr\/tr\/wp-json\/wp\/v2\/pages\/116\/revisions\/1137"}],"wp:attachment":[{"href":"http:\/\/masacare.com.tr\/tr\/wp-json\/wp\/v2\/media?parent=116"}],"curies":[{"name":"wp","href":"https:\/\/api.w.org\/{rel}","templated":true}]}}