{"id":1165,"date":"2022-10-05T12:00:28","date_gmt":"2022-10-05T12:00:28","guid":{"rendered":"http:\/\/masacare.com.tr\/?page_id=1165"},"modified":"2022-10-20T08:12:51","modified_gmt":"2022-10-20T08:12:51","slug":"regulatory","status":"publish","type":"page","link":"http:\/\/masacare.com.tr\/tr\/regulatory\/","title":{"rendered":"D\u00fczenleyici"},"content":{"rendered":"<div data-colibri-id=\"1165-c1\" class=\"style-1561 style-local-1165-c1 position-relative\">\n  <!---->\n  <div data-colibri-component=\"section\" data-colibri-id=\"1165-c2\" id=\"content\" class=\"h-section h-section-global-spacing d-flex align-items-lg-center align-items-md-center align-items-center style-1562 style-local-1165-c2 position-relative\">\n    <!---->\n    <!---->\n    <div class=\"h-section-grid-container h-section-fluid-container\">\n      <!---->\n      <div data-colibri-id=\"1165-c3\" class=\"h-row-container gutters-row-lg-0 gutters-row-md-0 gutters-row-2 gutters-row-v-lg-0 gutters-row-v-md-0 gutters-row-v-2 style-1563 style-local-1165-c3 position-relative\">\n        <!---->\n        <div class=\"h-row justify-content-lg-center justify-content-md-center justify-content-center align-items-lg-stretch align-items-md-stretch align-items-stretch gutters-col-lg-0 gutters-col-md-0 gutters-col-2 gutters-col-v-lg-0 gutters-col-v-md-0 gutters-col-v-2\">\n          <!---->\n          <div class=\"h-column h-column-container d-flex h-col-lg-auto h-col-md-auto h-col-auto style-1564-outer style-local-1165-c4-outer\">\n            <div data-colibri-id=\"1165-c4\" class=\"d-flex h-flex-basis h-column__inner h-px-lg-0 h-px-md-0 h-px-0 v-inner-lg-0 v-inner-md-0 v-inner-0 style-1564 style-local-1165-c4 position-relative\">\n              <!---->\n              <!---->\n              <div class=\"w-100 h-y-container h-column__content h-column__v-align flex-basis-100 align-self-lg-start align-self-md-start align-self-start\">\n                <!---->\n                <div data-colibri-id=\"1165-c5\" class=\"h-global-transition-all h-heading style-1566 style-local-1165-c5 position-relative h-element\">\n                  <!---->\n                  <div class=\"h-heading__outer style-1566 style-local-1165-c5\">\n                    <!---->\n                    <!---->\n                    <h2 class=\"\">D\u00fczenleyici<\/h2>\n                  <\/div>\n                <\/div>\n                <div data-colibri-id=\"1165-c6\" class=\"h-text h-text-component style-1567 style-local-1165-c6 position-relative h-element\">\n                  <!---->\n                  <!---->\n                  <div class=\"\">\n                    <p><span style=\"font-weight: 400; color: rgb(156, 0, 121);\">1.1 D\u00fczenleyici kurum, insan faaliyetlerinin yasal olarak d\u00fczenlenmesinden sorumlu olan bir kamu kurulu\u015fu veya devlet kurumudur.<\/span><\/p>\n                    <p><span style=\"font-weight: 400; color: rgb(156, 0, 121);\">1.2 D\u00fczenleyici kurumun rol\u00fc, standartlar\u0131 olu\u015fturmak ve g\u00fc\u00e7lendirmek ve bunlara tutarl\u0131 bir \u015fekilde uyulmas\u0131n\u0131 sa\u011flamakt\u0131r. \u00c7e\u015fitli d\u00fczenleyici kurumlar, ula\u015f\u0131m, e\u011fitim ve g\u0131da ve ila\u00e7 sat\u0131\u015f\u0131 dahil olmak \u00fczere ekonominin ve kamu ya\u015fam\u0131n\u0131n farkl\u0131 sekt\u00f6rlerini denetler.<\/span><\/p>\n                    <p><span style=\"font-weight: 400; color: rgb(156, 0, 121);\">1.3 \u0130\u015fyeri sa\u011fl\u0131\u011f\u0131 ve g\u00fcvenli\u011fi eyalet, ulusal ve uluslararas\u0131 d\u00fczenleyici kurumlar taraf\u0131ndan denetlenir<\/span><\/p>\n                    <p><span style=\"font-weight: 400;\">1.4  D\u00fczenleyici bir kurulu\u015fun rol\u00fc \u015fudur:<\/span><\/p>\n                    <ul>\n                      <li><span style=\"color: rgb(0, 0, 0);\">&nbsp;&nbsp;<\/span><span style=\"color: rgb(156, 0, 121);\">&nbsp;\u0130\u015fletmelere ve kurulu\u015flara gereksinimler, ko\u015fullar ve k\u0131s\u0131tlamalar getirin<\/span><\/li>\n                      <li><span style=\"color: rgb(156, 0, 121);\">&nbsp;&nbsp;&nbsp;Standartlar\u0131n tasla\u011f\u0131, yay\u0131mlanmas\u0131 ve revize edilmesi<\/span><\/li>\n                      <li><span style=\"color: rgb(156, 0, 121);\">&nbsp;&nbsp;&nbsp;Tefti\u015f ve denetimlerin yap\u0131lmas\u0131<\/span><\/li>\n                      <li><span style=\"color: rgb(156, 0, 121);\">&nbsp;&nbsp;&nbsp;\u0130hlaller i\u00e7in para cezalar\u0131 ve di\u011fer sonu\u00e7lar\u0131 vererek standartlar\u0131 uygulamak<\/span><\/li>\n                    <\/ul>\n                    <p>\n                      <br>\n                    <\/p>\n                    <p><span style=\"font-weight: 400; color: rgb(156, 0, 121);\">&nbsp;1.5 Di\u011fer sorumluluklar \u015funlar\u0131 i\u00e7erir:<\/span><\/p>\n                    <ul>\n                      <li><span style=\"color: rgb(0, 0, 0);\">&nbsp;&nbsp;&nbsp;&nbsp;<\/span><span style=\"color: rgb(156, 0, 121);\">Adil ticareti te\u015fvik etmek<\/span><\/li>\n                      <li><span style=\"color: rgb(156, 0, 121);\">&nbsp;&nbsp;&nbsp;&nbsp;Protecting consumers<\/span><\/li>\n                      <li><span style=\"color: rgb(156, 0, 121);\">&nbsp;&nbsp;&nbsp;Tart\u0131\u015fmalar\u0131 karara ba\u011flamak<\/span><\/li>\n                      <li><span style=\"color: rgb(156, 0, 121);\">&nbsp;&nbsp;&nbsp;Duru\u015fmalar yapmak<\/span><\/li>\n                      <li><span style=\"color: rgb(156, 0, 121);\">&nbsp; &nbsp;Ola\u011fan idari hizmetlerin sa\u011flanmas\u0131&nbsp;&nbsp;<\/span><\/li>\n                    <\/ul>\n                  <\/div>\n                <\/div>\n                <div data-colibri-id=\"1165-c7\" class=\"d-block style-1979 style-local-1165-c7 position-relative h-element\">\n                  <!---->\n                  <div class=\"h-image__frame-container-outer\">\n                    <div class=\"h-image__frame-container\">\n                      <!---->\n                      <!---->\n                      <img loading=\"lazy\" decoding=\"async\" width=\"904\" height=\"360\" src=\"http:\/\/masacare.com.tr\/wp-content\/uploads\/2022\/10\/360_F_453031474_QrweUosfqnwZGseal7HdCnbqwFAK4Vdx.jpg\" class=\"wp-image-1640 style-1979-image style-local-1165-c7-image\" alt=\"\" srcset=\"http:\/\/masacare.com.tr\/wp-content\/uploads\/2022\/10\/360_F_453031474_QrweUosfqnwZGseal7HdCnbqwFAK4Vdx.jpg 904w, http:\/\/masacare.com.tr\/wp-content\/uploads\/2022\/10\/360_F_453031474_QrweUosfqnwZGseal7HdCnbqwFAK4Vdx-300x119.jpg 300w, http:\/\/masacare.com.tr\/wp-content\/uploads\/2022\/10\/360_F_453031474_QrweUosfqnwZGseal7HdCnbqwFAK4Vdx-768x306.jpg 768w, http:\/\/masacare.com.tr\/wp-content\/uploads\/2022\/10\/360_F_453031474_QrweUosfqnwZGseal7HdCnbqwFAK4Vdx-18x7.jpg 18w\" sizes=\"auto, (max-width: 904px) 100vw, 904px\" \/>\n                      <div class=\"h-image__frame h-hide-lg h-hide-md h-hide-sm style-1979-frameImage style-local-1165-c7-frameImage\"><\/div>\n                    <\/div>\n                  <\/div>\n                <\/div>\n              <\/div>\n            <\/div>\n          <\/div>\n        <\/div>\n      <\/div>\n    <\/div>\n  <\/div>\n<\/div>","protected":false},"excerpt":{"rendered":"<p>Regulatory 1.1 A regulatory body is a public organization or government agency that is responsible for legally regulating aspects of human activity. 1.2 The role of the regulatory body is to establish and strengthen standards and ensure consistent compliance with them. Various regulatory bodies oversee different sectors of the economy and public life, including transportation, [&hellip;]<\/p>","protected":false},"author":1,"featured_media":0,"parent":0,"menu_order":0,"comment_status":"closed","ping_status":"closed","template":"page-templates\/full-width-page.php","meta":{"footnotes":""},"class_list":["post-1165","page","type-page","status-publish","hentry"],"_links":{"self":[{"href":"http:\/\/masacare.com.tr\/tr\/wp-json\/wp\/v2\/pages\/1165","targetHints":{"allow":["GET"]}}],"collection":[{"href":"http:\/\/masacare.com.tr\/tr\/wp-json\/wp\/v2\/pages"}],"about":[{"href":"http:\/\/masacare.com.tr\/tr\/wp-json\/wp\/v2\/types\/page"}],"author":[{"embeddable":true,"href":"http:\/\/masacare.com.tr\/tr\/wp-json\/wp\/v2\/users\/1"}],"replies":[{"embeddable":true,"href":"http:\/\/masacare.com.tr\/tr\/wp-json\/wp\/v2\/comments?post=1165"}],"version-history":[{"count":10,"href":"http:\/\/masacare.com.tr\/tr\/wp-json\/wp\/v2\/pages\/1165\/revisions"}],"predecessor-version":[{"id":1642,"href":"http:\/\/masacare.com.tr\/tr\/wp-json\/wp\/v2\/pages\/1165\/revisions\/1642"}],"wp:attachment":[{"href":"http:\/\/masacare.com.tr\/tr\/wp-json\/wp\/v2\/media?parent=1165"}],"curies":[{"name":"wp","href":"https:\/\/api.w.org\/{rel}","templated":true}]}}