{"id":1169,"date":"2022-10-05T12:07:05","date_gmt":"2022-10-05T12:07:05","guid":{"rendered":"http:\/\/masacare.com.tr\/?page_id=1169"},"modified":"2022-10-20T05:51:58","modified_gmt":"2022-10-20T05:51:58","slug":"product-development","status":"publish","type":"page","link":"http:\/\/masacare.com.tr\/tr\/product-development\/","title":{"rendered":"\u00dcr\u00fcn geli\u015ftirme"},"content":{"rendered":"<div data-colibri-id=\"1169-c1\" class=\"style-1787 style-local-1169-c1 position-relative\">\n  <!---->\n  <div data-colibri-component=\"section\" data-colibri-id=\"1169-c2\" id=\"reusable-sections\" class=\"h-section h-section-global-spacing d-flex align-items-lg-center align-items-md-center align-items-center style-1788 style-local-1169-c2 position-relative\">\n    <!---->\n    <!---->\n    <div class=\"h-section-grid-container h-section-fluid-container\">\n      <!---->\n      <div data-colibri-id=\"1169-c3\" class=\"h-row-container gutters-row-lg-0 gutters-row-md-0 gutters-row-2 gutters-row-v-lg-0 gutters-row-v-md-0 gutters-row-v-2 style-1789 style-local-1169-c3 position-relative\">\n        <!---->\n        <div class=\"h-row justify-content-lg-center justify-content-md-center justify-content-center align-items-lg-stretch align-items-md-stretch align-items-stretch gutters-col-lg-0 gutters-col-md-0 gutters-col-2 gutters-col-v-lg-0 gutters-col-v-md-0 gutters-col-v-2\">\n          <!---->\n          <div class=\"h-column h-column-container d-flex h-col-lg-auto h-col-md-auto h-col-auto style-1790-outer style-local-1169-c4-outer\">\n            <div data-colibri-id=\"1169-c4\" class=\"d-flex h-flex-basis h-column__inner h-px-lg-0 h-px-md-0 h-px-0 v-inner-lg-0 v-inner-md-0 v-inner-0 style-1790 style-local-1169-c4 position-relative\">\n              <!---->\n              <!---->\n              <div class=\"w-100 h-y-container h-column__content h-column__v-align flex-basis-100 align-self-lg-start align-self-md-start align-self-start\">\n                <!---->\n                <div data-colibri-id=\"1169-c5\" class=\"h-global-transition-all h-heading style-1791 style-local-1169-c5 position-relative h-element\">\n                  <!---->\n                  <div class=\"h-heading__outer style-1791 style-local-1169-c5\">\n                    <!---->\n                    <!---->\n                    <h2 class=\"\">\u00dcr\u00fcn geli\u015ftirme<\/h2>\n                  <\/div>\n                <\/div>\n                <div data-colibri-id=\"1169-c6\" class=\"h-text h-text-component style-1792 style-local-1169-c6 position-relative h-element\">\n                  <!---->\n                  <!---->\n                  <div class=\"\">\n                    <p>Product development &#8212; also called new product management &#8212; is a series of steps that includes the conceptualization, design, development and marketing of newly created or newly rebranded goods or services. Product development includes\n                      a product&#8217;s entire journey &#8212; from the initial idea to after its market release.<\/p>\n                    <ul>\n                      <li>\u00dcr\u00fcn geli\u015ftirme \u00e7er\u00e7eveleri<\/li>\n                      <li>\u00dcr\u00fcn geli\u015ftirme plan\u0131<\/li>\n                      <li>Yeni \u00fcr\u00fcn geli\u015ftirme a\u015famalar\u0131<\/li>\n                      <li>\u00dcr\u00fcn teknik tasar\u0131m\u0131 ve \u00fcr\u00fcn yol haritas\u0131<\/li>\n                      <li>Test pazarlamas\u0131 veya pazar testi<\/li>\n                      <li>Pazara giri\u015f ve ticarile\u015ftirme<\/li>\n                    <\/ul>\n                    <p>\n                      <br>\n                    <\/p>\n                  <\/div>\n                <\/div>\n              <\/div>\n            <\/div>\n          <\/div>\n          <div class=\"h-column h-column-container d-flex h-col-lg-auto h-col-md-auto h-col-auto style-1797-outer style-local-1169-c20-outer\">\n            <div data-colibri-id=\"1169-c20\" class=\"d-flex h-flex-basis h-column__inner h-ui-empty-state-container h-px-lg-0 h-px-md-0 h-px-0 v-inner-lg-0 v-inner-md-0 v-inner-0 style-1797 style-local-1169-c20 position-relative\">\n              <!---->\n              <!---->\n              <div class=\"w-100 h-y-container h-column__content h-column__v-align flex-basis-100\">\n                <!---->\n              <\/div>\n            <\/div>\n          <\/div>\n        <\/div>\n      <\/div>\n    <\/div>\n  <\/div>\n<\/div>","protected":false},"excerpt":{"rendered":"<p>Product Development Product development &#8212; also called new product management &#8212; is a series of steps that includes the conceptualization, design, development and marketing of newly created or newly rebranded goods or services. Product development includes a product&#8217;s entire journey &#8212; from the initial idea to after its market release. Product development frameworks Product development [&hellip;]<\/p>","protected":false},"author":1,"featured_media":0,"parent":0,"menu_order":0,"comment_status":"closed","ping_status":"closed","template":"page-templates\/full-width-page.php","meta":{"footnotes":""},"class_list":["post-1169","page","type-page","status-publish","hentry"],"_links":{"self":[{"href":"http:\/\/masacare.com.tr\/tr\/wp-json\/wp\/v2\/pages\/1169","targetHints":{"allow":["GET"]}}],"collection":[{"href":"http:\/\/masacare.com.tr\/tr\/wp-json\/wp\/v2\/pages"}],"about":[{"href":"http:\/\/masacare.com.tr\/tr\/wp-json\/wp\/v2\/types\/page"}],"author":[{"embeddable":true,"href":"http:\/\/masacare.com.tr\/tr\/wp-json\/wp\/v2\/users\/1"}],"replies":[{"embeddable":true,"href":"http:\/\/masacare.com.tr\/tr\/wp-json\/wp\/v2\/comments?post=1169"}],"version-history":[{"count":3,"href":"http:\/\/masacare.com.tr\/tr\/wp-json\/wp\/v2\/pages\/1169\/revisions"}],"predecessor-version":[{"id":1472,"href":"http:\/\/masacare.com.tr\/tr\/wp-json\/wp\/v2\/pages\/1169\/revisions\/1472"}],"wp:attachment":[{"href":"http:\/\/masacare.com.tr\/tr\/wp-json\/wp\/v2\/media?parent=1169"}],"curies":[{"name":"wp","href":"https:\/\/api.w.org\/{rel}","templated":true}]}}