{"id":1187,"date":"2022-10-05T12:14:01","date_gmt":"2022-10-05T12:14:01","guid":{"rendered":"http:\/\/masacare.com.tr\/?page_id=1187"},"modified":"2022-10-17T11:15:42","modified_gmt":"2022-10-17T11:15:42","slug":"ios-9001-qms","status":"publish","type":"page","link":"http:\/\/masacare.com.tr\/tr\/ios-9001-qms\/","title":{"rendered":"IOS 9001 QMS"},"content":{"rendered":"<div data-colibri-id=\"1187-c1\" class=\"style-1585 style-local-1187-c1 position-relative\">\n  <!---->\n  <div data-colibri-component=\"section\" data-colibri-id=\"1187-c2\" id=\"content\" class=\"h-section h-section-global-spacing d-flex align-items-lg-center align-items-md-center align-items-center style-1586 style-local-1187-c2 position-relative\">\n    <!---->\n    <!---->\n    <div class=\"h-section-grid-container h-section-fluid-container\">\n      <!---->\n      <div data-colibri-id=\"1187-c3\" class=\"h-row-container gutters-row-lg-0 gutters-row-md-0 gutters-row-2 gutters-row-v-lg-0 gutters-row-v-md-0 gutters-row-v-2 style-1587 style-local-1187-c3 position-relative\">\n        <!---->\n        <div class=\"h-row justify-content-lg-center justify-content-md-center justify-content-center align-items-lg-stretch align-items-md-stretch align-items-stretch gutters-col-lg-0 gutters-col-md-0 gutters-col-2 gutters-col-v-lg-0 gutters-col-v-md-0 gutters-col-v-2\">\n          <!---->\n          <div class=\"h-column h-column-container d-flex h-col-lg-auto h-col-md-auto h-col-auto style-1588-outer style-local-1187-c4-outer\">\n            <div data-colibri-id=\"1187-c4\" class=\"d-flex h-flex-basis h-column__inner h-px-lg-0 h-px-md-0 h-px-0 v-inner-lg-0 v-inner-md-0 v-inner-0 style-1588 style-local-1187-c4 position-relative\">\n              <!---->\n              <!---->\n              <div class=\"w-100 h-y-container h-column__content h-column__v-align flex-basis-100 align-self-lg-start align-self-md-start align-self-start\">\n                <!---->\n                <div data-colibri-id=\"1187-c6\" class=\"h-global-transition-all h-heading style-1590 style-local-1187-c6 position-relative h-element\">\n                  <!---->\n                  <div class=\"h-heading__outer style-1590 style-local-1187-c6\">\n                    <!---->\n                    <!---->\n                    <h2 class=\"\"><span style=\"font-size: 81%;\">ISO 9001 Sertifikas\u0131<\/span><\/h2>\n                  <\/div>\n                <\/div>\n                <div data-colibri-id=\"1187-c7\" class=\"h-text h-text-component style-1591 style-local-1187-c7 position-relative h-element\">\n                  <!---->\n                  <!---->\n                  <div class=\"\">\n                    <p>ISO 9001, bir kalite y\u00f6netim sistemi (QMS) i\u00e7in gereksinimleri belirleyen uluslararas\u0131 standart olarak tan\u0131mlan\u0131r. Kurulu\u015flar, standartlar\u0131 kar\u015f\u0131layan \u00fcr\u00fcn ve hizmetleri tutarl\u0131 bir \u015fekilde sa\u011flama yetene\u011fini g\u00f6stermek i\u00e7in standard\u0131 kullan\u0131r.\n m\u00fc\u015fteri ve d\u00fczenleyici gereksinimler. ISO 9000 serisindeki en pop\u00fcler standartt\u0131r ve kurulu\u015flar\u0131n sertifikaland\u0131rabilece\u011fi serideki tek standartt\u0131r.<\/p>\n                    <p>ISO 9001 ilk olarak 1987 y\u0131l\u0131nda 160'tan fazla \u00fclkenin ulusal standart kurulu\u015flar\u0131ndan olu\u015fan uluslararas\u0131 bir kurulu\u015f olan Uluslararas\u0131 Standardizasyon \u00d6rg\u00fct\u00fc (ISO) taraf\u0131ndan yay\u0131nland\u0131. ISO 9001'in g\u00fcncel s\u00fcr\u00fcm\u00fc yay\u0131nland\u0131  Eyl\u00fcl 2015'te.<\/p>\n                    <p>ISO 9001, planla-yap-kontrol et-harekete ge\u00e7ir metodolojisine dayan\u0131r ve bir kurulu\u015fta etkin kalite y\u00f6netimine ula\u015fmak i\u00e7in gereken yap\u0131, sorumluluklar ve prosed\u00fcrlerin belgelenmesi ve g\u00f6zden ge\u00e7irilmesi i\u00e7in s\u00fcre\u00e7 odakl\u0131 bir yakla\u015f\u0131m sa\u011flar.\nStandard\u0131n belirli b\u00f6l\u00fcmleri, a\u015fa\u011f\u0131dakiler gibi bir\u00e7ok konuda bilgi i\u00e7erir:<\/p>\n                    <ul>\n                      <li>&nbsp; &nbsp; &nbsp; &nbsp; &nbsp;Belgelenmi\u015f bilgi, planlama ve s\u00fcre\u00e7 etkile\u015fimlerini belirleme dahil olmak \u00fczere bir KYS i\u00e7in gereksinimler<\/li>\n                      <li>&nbsp; &nbsp; &nbsp; &nbsp; &nbsp;Y\u00f6netimin sorumluluklar\u0131<\/li>\n                      <li>&nbsp; &nbsp; &nbsp; &nbsp; &nbsp;\u0130nsan kaynaklar\u0131 ve bir kurulu\u015fun \u00e7al\u0131\u015fma ortam\u0131 dahil olmak \u00fczere kaynaklar\u0131n y\u00f6netimi&nbsp;<\/li>\n                      <li>&nbsp; &nbsp; &nbsp; &nbsp; &nbsp;Tasar\u0131mdan teslimata kadar olan ad\u0131mlar dahil olmak \u00fczere \u00fcr\u00fcn ger\u00e7ekle\u015ftirme<\/li>\n                      <li>&nbsp; &nbsp; &nbsp; &nbsp; &nbsp;\u0130\u00e7 denetimler ve d\u00fczeltici ve \u00f6nleyici faaliyetler gibi faaliyetler yoluyla KYS'nin \u00f6l\u00e7\u00fclmesi, analizi ve iyile\u015ftirilmesi<\/li>\n                    <\/ul>\n                    <p>\n                      <br>2015 ISO 9001 revizyonunda tan\u0131t\u0131lan de\u011fi\u015fiklikler, ISO 9001'in kurulu\u015flar\u0131n faaliyet g\u00f6sterdi\u011fi de\u011fi\u015fen ortamlara uyum sa\u011flamaya devam etmesini sa\u011flamay\u0131 ama\u00e7lamaktad\u0131r. ISO 9001:2015'teki \u00f6nemli g\u00fcncellemelerden baz\u0131lar\u0131 \u015funlard\u0131r:<\/p>\n                    <ul>\n                      <li>&nbsp; &nbsp; &nbsp; &nbsp;Yeni terminolojinin tan\u0131t\u0131lmas\u0131<\/li>\n                      <li>&nbsp; &nbsp; &nbsp; &nbsp;Baz\u0131 bilgilerin yeniden yap\u0131land\u0131r\u0131lmas\u0131<\/li>\n                      <li>&nbsp; &nbsp; &nbsp; &nbsp;S\u00fcre\u00e7 yakla\u015f\u0131m\u0131n\u0131n uygulanmas\u0131n\u0131 geli\u015ftirmek i\u00e7in risk temelli d\u00fc\u015f\u00fcnmeye vurgu<\/li>\n                      <li>&nbsp; &nbsp; &nbsp; &nbsp;Hizmetler i\u00e7in geli\u015ftirilmi\u015f uygulanabilirlik<\/li>\n                      <li>&nbsp; &nbsp; &nbsp; &nbsp;Artan liderlik gereksinimleri<\/li>\n                    <\/ul>\n                  <\/div>\n                <\/div>\n              <\/div>\n            <\/div>\n          <\/div>\n        <\/div>\n      <\/div>\n    <\/div>\n  <\/div>\n  <div data-colibri-component=\"section\" data-colibri-id=\"1187-c27\" id=\"content-2\" class=\"h-section h-section-global-spacing d-flex align-items-lg-center align-items-md-center align-items-center style-1602 style-local-1187-c27 position-relative\">\n    <!---->\n    <!---->\n    <div class=\"h-section-grid-container h-section-fluid-container\">\n      <!---->\n      <div data-colibri-id=\"1187-c28\" class=\"h-row-container gutters-row-lg-0 gutters-row-md-0 gutters-row-2 gutters-row-v-lg-0 gutters-row-v-md-0 gutters-row-v-2 style-1603 style-local-1187-c28 position-relative\">\n        <!---->\n        <div class=\"h-row justify-content-lg-center justify-content-md-center justify-content-center align-items-lg-stretch align-items-md-stretch align-items-stretch gutters-col-lg-0 gutters-col-md-0 gutters-col-2 gutters-col-v-lg-0 gutters-col-v-md-0 gutters-col-v-2\">\n          <!---->\n          <div class=\"h-column h-column-container d-flex h-col-lg-auto h-col-md-auto h-col-auto style-1604-outer style-local-1187-c29-outer\">\n            <div data-colibri-id=\"1187-c29\" class=\"d-flex h-flex-basis h-column__inner h-px-lg-0 h-px-md-0 h-px-0 v-inner-lg-0 v-inner-md-0 v-inner-0 style-1604 style-local-1187-c29 position-relative\">\n              <!---->\n              <!---->\n              <div class=\"w-100 h-y-container h-column__content h-column__v-align flex-basis-100 align-self-lg-start align-self-md-start align-self-start\">\n                <!---->\n                <div data-colibri-id=\"1187-c31\" class=\"h-global-transition-all h-heading style-1606 style-local-1187-c31 position-relative h-element\">\n                  <!---->\n                  <div class=\"h-heading__outer style-1606 style-local-1187-c31\">\n                    <!---->\n                    <!---->\n                    <h2 class=\"\"><span style=\"font-weight: 300; font-size: 79%;\">ISO 9001:2015'in Yedi \u0130lkesi<\/span><\/h2>\n                  <\/div>\n                <\/div>\n                <div data-colibri-id=\"1187-c32\" class=\"h-text h-text-component style-1607 style-local-1187-c32 position-relative h-element\">\n                  <!---->\n                  <!---->\n                  <div class=\"\">\n                    <p>\u0130lk olarak 1987 y\u0131l\u0131nda yay\u0131nlanan ISO 9001, 1994, 2000 ve yine 2008 y\u0131llar\u0131nda revizyonlara tabi tutulmu\u015ftur. En son revizyon ise Eyl\u00fcl 2015'te yay\u0131nlanm\u0131\u015ft\u0131r.<\/p>\n                    <ul>\n                      <li>ISO 9001:1994, tasar\u0131m ve geli\u015ftirme maddesinin kontrol\u00fcn\u00fc iyile\u015ftirmeye y\u00f6nelik de\u011fi\u015fiklikleri ve ayr\u0131ca di\u011fer a\u00e7\u0131klamalar\u0131 i\u00e7eriyordu. 1994 serisi ayr\u0131ca ISO 9002 ve 9003'\u00fcn rol\u00fcn\u00fc biraz de\u011fi\u015ftirdi<\/li>\n                      <li>ISO 9001:2008 revizyonu, ISO 9001:2000'in uygulanmas\u0131 s\u0131ras\u0131nda ortaya \u00e7\u0131kan sorunlar\u0131 netle\u015ftirmeye \u00e7al\u0131\u015ft\u0131.<\/li>\n                    <\/ul>\n                  <\/div>\n                <\/div>\n                <div data-colibri-id=\"1187-c89\" class=\"d-block style-1637 style-local-1187-c89 position-relative h-element\">\n                  <!---->\n                  <div class=\"h-image__frame-container-outer\">\n                    <div class=\"h-image__frame-container\">\n                      <!---->\n                      <!---->\n                      <img loading=\"lazy\" decoding=\"async\" width=\"379\" height=\"122\" src=\"http:\/\/masacare.com.tr\/wp-content\/uploads\/2022\/10\/wwww.jpg\" class=\"wp-image-1384 style-1637-image style-local-1187-c89-image\" alt=\"\" srcset=\"http:\/\/masacare.com.tr\/wp-content\/uploads\/2022\/10\/wwww.jpg 379w, http:\/\/masacare.com.tr\/wp-content\/uploads\/2022\/10\/wwww-300x97.jpg 300w, http:\/\/masacare.com.tr\/wp-content\/uploads\/2022\/10\/wwww-18x6.jpg 18w\" sizes=\"auto, (max-width: 379px) 100vw, 379px\" \/>\n                      <div class=\"h-image__frame h-hide-lg h-hide-md h-hide-sm style-1637-frameImage style-local-1187-c89-frameImage\"><\/div>\n                    <\/div>\n                  <\/div>\n                <\/div>\n                <div data-colibri-id=\"1187-c47\" class=\"d-block style-1613 style-local-1187-c47 position-relative h-element\">\n                  <!---->\n                  <div class=\"h-image__frame-container-outer\">\n                    <div class=\"h-image__frame-container\">\n                      <!---->\n                      <!---->\n                      <img loading=\"lazy\" decoding=\"async\" width=\"393\" height=\"382\" src=\"http:\/\/masacare.com.tr\/wp-content\/uploads\/2022\/10\/ddsdsds.jpg\" class=\"wp-image-1341 style-1613-image style-local-1187-c47-image\" alt=\"\" srcset=\"http:\/\/masacare.com.tr\/wp-content\/uploads\/2022\/10\/ddsdsds.jpg 393w, http:\/\/masacare.com.tr\/wp-content\/uploads\/2022\/10\/ddsdsds-300x292.jpg 300w, http:\/\/masacare.com.tr\/wp-content\/uploads\/2022\/10\/ddsdsds-12x12.jpg 12w\" sizes=\"auto, (max-width: 393px) 100vw, 393px\" \/>\n                      <div class=\"h-image__frame h-hide-lg h-hide-md h-hide-sm style-1613-frameImage style-local-1187-c47-frameImage\"><\/div>\n                    <\/div>\n                  <\/div>\n                <\/div>\n              <\/div>\n            <\/div>\n          <\/div>\n        <\/div>\n      <\/div>\n    <\/div>\n  <\/div>\n  <div data-colibri-component=\"section\" data-colibri-id=\"1187-c48\" id=\"content-3\" class=\"h-section h-section-global-spacing d-flex align-items-lg-center align-items-md-center align-items-center style-1614 style-local-1187-c48 position-relative\">\n    <!---->\n    <!---->\n    <div class=\"h-section-grid-container h-section-fluid-container\">\n      <!---->\n      <div data-colibri-id=\"1187-c49\" class=\"h-row-container gutters-row-lg-0 gutters-row-md-0 gutters-row-2 gutters-row-v-lg-0 gutters-row-v-md-0 gutters-row-v-2 style-1615 style-local-1187-c49 position-relative\">\n        <!---->\n        <div class=\"h-row justify-content-lg-center justify-content-md-center justify-content-center align-items-lg-stretch align-items-md-stretch align-items-stretch gutters-col-lg-0 gutters-col-md-0 gutters-col-2 gutters-col-v-lg-0 gutters-col-v-md-0 gutters-col-v-2\">\n          <!---->\n          <div class=\"h-column h-column-container d-flex h-col-lg-auto h-col-md-auto h-col-auto style-1616-outer style-local-1187-c50-outer\">\n            <div data-colibri-id=\"1187-c50\" class=\"d-flex h-flex-basis h-column__inner h-px-lg-0 h-px-md-0 h-px-0 v-inner-lg-0 v-inner-md-0 v-inner-0 style-1616 style-local-1187-c50 position-relative\">\n              <!---->\n              <!---->\n              <div class=\"w-100 h-y-container h-column__content h-column__v-align flex-basis-100 align-self-lg-start align-self-md-start align-self-start\">\n                <!---->\n                <div data-colibri-id=\"1187-c52\" class=\"h-global-transition-all h-heading style-1618 style-local-1187-c52 position-relative h-element\">\n                  <!---->\n                  <div class=\"h-heading__outer style-1618 style-local-1187-c52\">\n                    <!---->\n                    <!---->\n                    <h2 class=\"\"><span style=\"font-size: 77%;\">ISO 9001'\u0130N FAYDALARI NELERD\u0130R?<\/span><\/h2>\n                  <\/div>\n                <\/div>\n                <div data-colibri-id=\"1187-c53\" class=\"h-text h-text-component style-1619 style-local-1187-c53 position-relative h-element\">\n                  <!---->\n                  <!---->\n                  <div class=\"\">\n                    <p>ISO 9001, kurulu\u015flar\u0131n m\u00fc\u015fterilerinin s\u00fcrekli olarak y\u00fcksek kaliteli \u00fcr\u00fcn ve hizmetler almas\u0131n\u0131 sa\u011flamalar\u0131na yard\u0131mc\u0131 olur ve bu da memnun m\u00fc\u015fteriler, y\u00f6netim ve \u00e7al\u0131\u015fanlar dahil olmak \u00fczere bir\u00e7ok fayda sa\u011flar.<\/p>\n                    <p>ISO 9001, etkili bir kalite y\u00f6netim sistemi i\u00e7in gereksinimleri belirledi\u011finden, kurulu\u015flar standard\u0131 kullanman\u0131n onlara \u015fu konularda yard\u0131mc\u0131 oldu\u011funu fark eder:&nbsp;<\/p>\n                    <ul>\n                      <li>Bir KYS d\u00fczenleyin<\/li>\n                      <li>Memnun m\u00fc\u015fteriler, y\u00f6netim ve \u00e7al\u0131\u015fanlar yarat\u0131n<\/li>\n                      <li>Continually improve their processes<\/li>\n                      <li>Maliyetlerden tasarruf edin<\/li>\n                    <\/ul>\n                    <p>\n                      <br>\n                    <\/p>\n                    <p>Nevada'da, Clark County Okul B\u00f6lgesi, fiili harcamalarda ve maliyetten ka\u00e7\u0131nmada 10 y\u0131lda 174 milyon $ tasarruf etmek i\u00e7in ISO 9001'i kulland\u0131. 3.000'den fazla \u00e7al\u0131\u015fan standart i\u00e7in e\u011fitildi ve sistemin ba\u015far\u0131s\u0131n\u0131n \u00fc\u00e7 kritik bile\u015fenini etkinle\u015ftirdi: e\u011fitim, ileti\u015fim ve sayg\u0131 ve verimlilik.<\/p>\n                    <p>ISO 9001, kurulu\u015flar\u0131n sertifikaland\u0131rabilece\u011fi ISO 9000 serisindeki tek standartt\u0131r. ISO 9001:2015 sertifikas\u0131 almak, bir kurulu\u015fun a\u015fa\u011f\u0131dakileri g\u00f6sterdi\u011fi anlam\u0131na gelir:<\/p>\n                    <ul>\n                      <li>ISO 9001 standard\u0131n\u0131n y\u00f6nergelerini takip eder<\/li>\n                      <li>Kendi gereksinimlerini kar\u015f\u0131lar<\/li>\n                      <li>M\u00fc\u015fteri gereksinimlerini ve yasal ve d\u00fczenleyici gereksinimleri kar\u015f\u0131lar<\/li>\n                      <li>Belgeleri korur<\/li>\n                    <\/ul>\n                    <p>\n                      <br>\n                    <\/p>\n                    <p>ISO 9001 standard\u0131n\u0131n belgelendirilmesi, m\u00fc\u015fterilere \u00fcr\u00fcn ve hizmetlerinin beklentileri kar\u015f\u0131lad\u0131\u011f\u0131n\u0131 g\u00f6stererek bir kurulu\u015fun g\u00fcvenilirli\u011fini art\u0131rabilir. Baz\u0131 durumlarda veya baz\u0131 end\u00fcstrilerde sertifikasyon gereklidir veya yasal olarak zorunludur.\nBelgelendirme s\u00fcreci, ISO 9001:2015 gereksinimlerinin uygulanmas\u0131n\u0131 ve ard\u0131ndan kurulu\u015fun bu gereksinimleri kar\u015f\u0131lad\u0131\u011f\u0131n\u0131 teyit eden ba\u015far\u0131l\u0131 bir kay\u0131t memuru denetiminin tamamlanmas\u0131n\u0131 i\u00e7erir.<\/p>\n                    <p>Kurulu\u015flar, bir ISO 9001 kalite y\u00f6netim sistemi belgelendirmesine haz\u0131rlan\u0131rken a\u015fa\u011f\u0131dakileri dikkate almal\u0131d\u0131r:<\/p>\n                    <ul>\n                      <li>ISO 9001 tescil, g\u00f6zetim ve yeniden belgelendirme denetimleri i\u00e7in kay\u0131t \u015firketinin maliyetleri<\/li>\n                      <li>ISO 9001 gereklilikleri ile mevcut uygunluk seviyesi<\/li>\n                      <li>\u015eirketin geli\u015ftirme ve uygulama i\u00e7in bu projeye ay\u0131raca\u011f\u0131 kaynak miktar\u0131<\/li>\n                      <li>Bir dan\u0131\u015fmandan istenecek destek miktar\u0131 ve ilgili maliyetler<\/li>\n                    <\/ul>\n                  <\/div>\n                <\/div>\n              <\/div>\n            <\/div>\n          <\/div>\n        <\/div>\n      <\/div>\n    <\/div>\n  <\/div>\n<\/div>","protected":false},"excerpt":{"rendered":"<p>ISO 9001 Certification ISO 9001 is defined as the international standard that specifies requirements for a quality management system (QMS). Organizations use the standard to demonstrate the ability to consistently provide products and services that meet customer and regulatory requirements. It is the most popular standard in the ISO 9000 series and the only standard [&hellip;]<\/p>","protected":false},"author":1,"featured_media":0,"parent":0,"menu_order":0,"comment_status":"closed","ping_status":"closed","template":"page-templates\/full-width-page.php","meta":{"footnotes":""},"class_list":["post-1187","page","type-page","status-publish","hentry"],"_links":{"self":[{"href":"http:\/\/masacare.com.tr\/tr\/wp-json\/wp\/v2\/pages\/1187","targetHints":{"allow":["GET"]}}],"collection":[{"href":"http:\/\/masacare.com.tr\/tr\/wp-json\/wp\/v2\/pages"}],"about":[{"href":"http:\/\/masacare.com.tr\/tr\/wp-json\/wp\/v2\/types\/page"}],"author":[{"embeddable":true,"href":"http:\/\/masacare.com.tr\/tr\/wp-json\/wp\/v2\/users\/1"}],"replies":[{"embeddable":true,"href":"http:\/\/masacare.com.tr\/tr\/wp-json\/wp\/v2\/comments?post=1187"}],"version-history":[{"count":9,"href":"http:\/\/masacare.com.tr\/tr\/wp-json\/wp\/v2\/pages\/1187\/revisions"}],"predecessor-version":[{"id":1386,"href":"http:\/\/masacare.com.tr\/tr\/wp-json\/wp\/v2\/pages\/1187\/revisions\/1386"}],"wp:attachment":[{"href":"http:\/\/masacare.com.tr\/tr\/wp-json\/wp\/v2\/media?parent=1187"}],"curies":[{"name":"wp","href":"https:\/\/api.w.org\/{rel}","templated":true}]}}