{"id":119,"date":"2022-06-15T06:58:18","date_gmt":"2022-06-15T06:58:18","guid":{"rendered":"http:\/\/masacare.com.tr\/?page_id=119"},"modified":"2022-10-05T13:03:21","modified_gmt":"2022-10-05T13:03:21","slug":"contact-us","status":"publish","type":"page","link":"http:\/\/masacare.com.tr\/tr\/contact-us\/","title":{"rendered":"Bize Ula\u015f\u0131n"},"content":{"rendered":"<div data-colibri-id=\"119-c1\" class=\"style-487 style-local-119-c1 position-relative\">\n  <!---->\n  <div data-colibri-component=\"section\" data-colibri-id=\"119-c2\" id=\"contact\" class=\"h-section h-section-global-spacing d-flex align-items-lg-center align-items-md-center align-items-center style-488 style-local-119-c2 position-relative\">\n    <!---->\n    <!---->\n    <div class=\"h-section-grid-container h-section-boxed-container\">\n      <!---->\n      <div data-colibri-id=\"119-c3\" class=\"h-row-container gutters-row-lg-2 gutters-row-md-2 gutters-row-2 gutters-row-v-lg-2 gutters-row-v-md-2 gutters-row-v-2 style-489 style-local-119-c3 position-relative\">\n        <!---->\n        <div class=\"h-row justify-content-lg-center justify-content-md-center justify-content-center align-items-lg-stretch align-items-md-stretch align-items-stretch gutters-col-lg-2 gutters-col-md-2 gutters-col-2 gutters-col-v-lg-2 gutters-col-v-md-2 gutters-col-v-2\">\n          <!---->\n          <div class=\"h-column h-column-container d-flex h-col-lg-3 h-col-md-3 h-col-12 style-490-outer style-local-119-c4-outer\">\n            <div data-colibri-id=\"119-c4\" class=\"d-flex h-flex-basis h-column__inner h-px-lg-0 h-px-md-0 h-px-0 v-inner-lg-0 v-inner-md-0 v-inner-0 style-490 style-local-119-c4 position-relative\">\n              <!---->\n              <!---->\n              <div class=\"w-100 h-y-container h-column__content h-column__v-align flex-basis-100 align-self-lg-start align-self-md-start align-self-start\">\n                <!---->\n                <div data-colibri-id=\"119-c5\" class=\"h-icon style-491 style-local-119-c5 position-relative h-element\">\n                  <!----><span class=\"h-svg-icon h-icon__icon style-491-icon style-local-119-c5-icon\"><!--Icon by Icons8 Line Awesome (https:\/\/icons8.com\/line-awesome)--><svg version=\"1.1\" xmlns=\"http:\/\/www.w3.org\/2000\/svg\" xmlns:xlink=\"http:\/\/www.w3.org\/1999\/xlink\" id=\"map-marker\" viewbox=\"0 0 512 545.5\"><path d=\"M256 80c79.336 0 144 64.664 144 144 0 22.5-9.116 48.313-21.5 76.5s-28.314 58.098-44.5 86C301.628 442.306 269 489 269 489l-13 19-13-19s-32.628-46.694-65-102.5c-16.186-27.902-32.116-57.813-44.5-86S112 246.5 112 224c0-79.336 64.664-144 144-144zm0 32c-62.04 0-112 49.96-112 112 0 12.844 6.884 37.06 18.5 63.5s27.686 55.738 43.5 83c25.155 43.364 40.74 66.3 50 80 9.26-13.7 24.845-36.636 50-80 15.815-27.262 31.884-56.56 43.5-83S368 236.844 368 224c0-62.04-49.96-112-112-112zm0 80c17.673 0 32 14.327 32 32s-14.327 32-32 32-32-14.327-32-32 14.327-32 32-32z\"><\/path><\/svg><\/span><\/div>\n                <div\n                  data-colibri-id=\"119-c6\" class=\"h-global-transition-all h-heading style-492 style-local-119-c6 position-relative h-element\">\n                  <!---->\n                  <div class=\"h-heading__outer style-492 style-local-119-c6\">\n                    <!---->\n                    <!---->\n                    <h4 class=\"\">Konum&nbsp;<\/h4>\n                  <\/div>\n              <\/div>\n              <div data-colibri-id=\"119-c7\" class=\"h-divider style-493 style-local-119-c7 position-relative h-element\">\n                <!----><span class=\"h-divider__line style-493-line style-local-119-c7-line style-493-line style-local-119-c7-line\"><\/span><\/div>\n              <div data-colibri-id=\"119-c8\" class=\"h-text h-text-component style-495 style-local-119-c8 position-relative h-element\">\n                <!---->\n                <!---->\n                <div class=\"\">\n                  <p>Maltepe, E-5 Yanyolu&nbsp;<\/p>\n                <\/div>\n              <\/div>\n              <div data-colibri-id=\"119-c9\" class=\"h-text h-text-component style-495 style-local-119-c9 position-relative h-element\">\n                <!---->\n                <!---->\n                <div class=\"\">\n                  <p>34010 Zeytinburnu \/\u0130stanbul Turkey<\/p>\n                <\/div>\n              <\/div>\n            <\/div>\n          <\/div>\n        <\/div>\n        <div class=\"h-column h-column-container d-flex h-col-lg-3 h-col-md-3 h-col-12 style-490-outer style-local-119-c16-outer\">\n          <div data-colibri-id=\"119-c16\" class=\"d-flex h-flex-basis h-column__inner h-px-lg-0 h-px-md-0 h-px-0 v-inner-lg-0 v-inner-md-0 v-inner-0 style-490 style-local-119-c16 position-relative\">\n            <!---->\n            <!---->\n            <div class=\"w-100 h-y-container h-column__content h-column__v-align flex-basis-100 align-self-lg-start align-self-md-start align-self-start\">\n              <!---->\n              <div data-colibri-id=\"119-c17\" class=\"h-icon style-491 style-local-119-c17 position-relative h-element\">\n                <!----><span class=\"h-svg-icon h-icon__icon style-491-icon style-local-119-c17-icon\"><!--Icon by Icons8 Line Awesome (https:\/\/icons8.com\/line-awesome)--><svg version=\"1.1\" xmlns=\"http:\/\/www.w3.org\/2000\/svg\" xmlns:xlink=\"http:\/\/www.w3.org\/1999\/xlink\" id=\"envelope\" viewbox=\"0 0 512 545.5\"><path d=\"M48 160h416v288H48V160zm69 32l139 92.5L395 192H117zm-37 14v210h352V206L265 317.5l-9 5.5-9-5.5z\"><\/path><\/svg><\/span><\/div>\n              <div\n                data-colibri-id=\"119-c18\" class=\"h-global-transition-all h-heading style-492 style-local-119-c18 position-relative h-element\">\n                <!---->\n                <div class=\"h-heading__outer style-492 style-local-119-c18\">\n                  <!---->\n                  <!---->\n                  <h4 class=\"\">\u0130leti\u015fim<\/h4>\n                <\/div>\n            <\/div>\n            <div data-colibri-id=\"119-c19\" class=\"h-divider style-493 style-local-119-c19 position-relative h-element\">\n              <!----><span class=\"h-divider__line style-493-line style-local-119-c19-line style-493-line style-local-119-c19-line\"><\/span><\/div>\n            <div data-colibri-id=\"119-c20\" class=\"h-text h-text-component style-494 style-local-119-c20 position-relative h-element\">\n              <!---->\n              <!---->\n              <div class=\"\">\n                <p>customercare@masacare.com.tr<\/p>\n              <\/div>\n            <\/div>\n            <div data-colibri-id=\"119-c21\" class=\"h-text h-text-component style-496 style-local-119-c21 position-relative h-element\">\n              <!---->\n              <!---->\n              <div class=\"\">\n                <p>info@masacare.com.tr <\/p>\n              <\/div>\n            <\/div>\n          <\/div>\n        <\/div>\n      <\/div>\n      <div class=\"h-column h-column-container d-flex h-col-lg-3 h-col-md-3 h-col-12 style-490-outer style-local-119-c22-outer\">\n        <div data-colibri-id=\"119-c22\" class=\"d-flex h-flex-basis h-column__inner h-px-lg-0 h-px-md-0 h-px-0 v-inner-lg-0 v-inner-md-0 v-inner-0 style-490 style-local-119-c22 position-relative\">\n          <!---->\n          <!---->\n          <div class=\"w-100 h-y-container h-column__content h-column__v-align flex-basis-100 align-self-lg-start align-self-md-start align-self-start\">\n            <!---->\n            <div data-colibri-id=\"119-c23\" class=\"h-icon style-491 style-local-119-c23 position-relative h-element\">\n              <!----><span class=\"h-svg-icon h-icon__icon style-491-icon style-local-119-c23-icon\"><!--Icon by Icons8 Line Awesome (https:\/\/icons8.com\/line-awesome)--><svg version=\"1.1\" xmlns=\"http:\/\/www.w3.org\/2000\/svg\" xmlns:xlink=\"http:\/\/www.w3.org\/1999\/xlink\" id=\"phone\" viewbox=\"0 0 512 545.5\"><path d=\"M138.5 80c8.375 0 16.656 3.024 23.5 8.5l1 .5.5.5 64 66 1.5 1.5-.5.5c14.174 13.212 13.968 35.53.5 49l-32 32c4.92 11.277 18.33 40.02 44.5 65 26.358 25.16 53.932 39.467 65.5 45l31.5-31.5.5-.5c13.28-13.28 36.72-13.28 50 0l.5 1 65 65c13.28 13.28 13.28 36.22 0 49.5L405 481.5l-.5.5-.5.5c-15.01 12.867-36.04 17.486-55.5 11h-.5c-37.55-14.693-113.51-48.01-181.5-116C98.773 309.773 64.052 234.84 50.5 196c-.035-.1.034-.4 0-.5-6.703-18.434-1.915-39.738 13.5-54l-.5-.5 50-51.5.5-.5 1-.5c6.844-5.476 15.125-8.5 23.5-8.5zm0 32c-1.172 0-2.344.575-3.5 1.5L86.5 163l-.5.5-.5.5c-5.674 4.863-7.44 14.493-5 21 12.12 34.847 45.2 106.7 108.5 170 62.784 62.784 133.224 93.76 169.5 108 9.34 3.113 17.11 1.833 24.5-4.5l49-49c2.72-2.72 2.72-1.78 0-4.5l-65.5-65.5c-2.72-2.72-2.28-2.72-5 0l-40 40-7.5 7.5-10-4.5s-43.83-18.552-81-52.5l-3.5-3c-38.595-36.84-57-86-57-86l-3.5-10 7.5-7 40-40c1.966-1.966.874-3.6 1-3.5l-.5-.5-1-1-64-65.5c-1.156-.925-2.328-1.5-3.5-1.5z\"><\/path><\/svg><\/span><\/div>\n            <div\n              data-colibri-id=\"119-c24\" class=\"h-global-transition-all h-heading style-492 style-local-119-c24 position-relative h-element\">\n              <!---->\n              <div class=\"h-heading__outer style-492 style-local-119-c24\">\n                <!---->\n                <!---->\n                <h4 class=\"\">Telefon<\/h4>\n              <\/div>\n          <\/div>\n          <div data-colibri-id=\"119-c25\" class=\"h-divider style-493 style-local-119-c25 position-relative h-element\">\n            <!----><span class=\"h-divider__line style-493-line style-local-119-c25-line style-493-line style-local-119-c25-line\"><\/span><\/div>\n          <div data-colibri-id=\"119-c26\" class=\"h-text h-text-component style-496 style-local-119-c26 position-relative h-element\">\n            <!---->\n            <!---->\n            <div class=\"\">\n              <p>00905-3163336432<\/p>\n            <\/div>\n          <\/div>\n          <div data-colibri-id=\"119-c27\" class=\"h-text h-text-component style-496 style-local-119-c27 position-relative h-element\">\n            <!---->\n            <!---->\n            <div class=\"\">\n              <p>586-703-6375<\/p>\n            <\/div>\n          <\/div>\n        <\/div>\n      <\/div>\n    <\/div>\n  <\/div>\n<\/div>\n<\/div>\n<\/div>\n<div data-colibri-component=\"section\" data-colibri-id=\"119-c28\" id=\"contact-2\" class=\"h-section h-section-global-spacing d-flex align-items-lg-center align-items-md-center align-items-center style-522 style-local-119-c28 position-relative\">\n  <!---->\n  <!---->\n  <div class=\"h-section-grid-container h-section-boxed-container\">\n    <!---->\n    <div data-colibri-id=\"119-c29\" class=\"h-row-container gutters-row-lg-2 gutters-row-md-2 gutters-row-2 gutters-row-v-lg-2 gutters-row-v-md-2 gutters-row-v-2 style-523 style-local-119-c29 position-relative\">\n      <!---->\n      <div class=\"h-row justify-content-lg-center justify-content-md-center justify-content-center align-items-lg-stretch align-items-md-stretch align-items-stretch gutters-col-lg-2 gutters-col-md-2 gutters-col-2 gutters-col-v-lg-2 gutters-col-v-md-2 gutters-col-v-2\">\n        <!---->\n        <div class=\"h-column h-column-container d-flex h-col-lg-auto h-col-md-auto h-col-auto style-524-outer style-local-119-c30-outer\">\n          <div data-colibri-id=\"119-c30\" class=\"d-flex h-flex-basis h-column__inner h-px-lg-0 h-px-md-0 h-px-0 v-inner-lg-0 v-inner-md-0 v-inner-0 style-524 style-local-119-c30 position-relative\">\n            <div class=\"background-wrapper\">\n              <div class=\"background-layer background-layer-media-container-lg\">\n                <!---->\n                <div class=\"overlay-layer\">\n                  <div class=\"overlay-image-layer\" style=\"background-color: rgb(246, 248, 250); opacity: 0.86;\"><\/div>\n                <\/div>\n              <\/div>\n              <div class=\"background-layer background-layer-media-container-md\">\n                <!---->\n                <div class=\"overlay-layer\">\n                  <div class=\"overlay-image-layer\" style=\"background-color: rgb(246, 248, 250); opacity: 0.86;\"><\/div>\n                <\/div>\n              <\/div>\n              <div class=\"background-layer background-layer-media-container\">\n                <!---->\n                <div class=\"overlay-layer\">\n                  <div class=\"overlay-image-layer\" style=\"background-color: rgb(246, 248, 250); opacity: 0.86;\"><\/div>\n                <\/div>\n              <\/div>\n            <\/div>\n            <!---->\n            <div class=\"w-100 h-y-container h-column__content h-column__v-align flex-basis-100 align-self-lg-center align-self-md-center align-self-center\">\n              <!---->\n              <div data-colibri-id=\"119-c31\" class=\"h-global-transition-all h-heading style-525 style-local-119-c31 position-relative h-element\">\n                <!---->\n                <div class=\"h-heading__outer style-525 style-local-119-c31\">\n                  <!---->\n                  <!---->\n                  <h3 class=\"\">Bize Ula\u015f\u0131n<\/h3>\n                <\/div>\n              <\/div>\n              <div data-colibri-id=\"119-c32\" class=\"style-526 style-local-119-c32 position-relative h-element\">\n                <!---->\n                <div class=\"h-global-transition-all h-global-transition h-global-transition-all h-contact-form-shortcode\">\n<div class=\"wpcf7 no-js\" id=\"wpcf7-f231-o1\" lang=\"en-US\" dir=\"ltr\" data-wpcf7-id=\"231\">\n<div class=\"screen-reader-response\"><p role=\"status\" aria-live=\"polite\" aria-atomic=\"true\"><\/p> <ul><\/ul><\/div>\n<form action=\"\/tr\/wp-json\/wp\/v2\/pages\/119#wpcf7-f231-o1\" method=\"post\" class=\"wpcf7-form init\" aria-label=\"Contact form\" novalidate=\"novalidate\" data-status=\"init\" data-trp-original-action=\"\/tr\/wp-json\/wp\/v2\/pages\/119#wpcf7-f231-o1\">\n<fieldset class=\"hidden-fields-container\"><input type=\"hidden\" name=\"_wpcf7\" value=\"231\" \/><input type=\"hidden\" name=\"_wpcf7_version\" value=\"6.1.4\" \/><input type=\"hidden\" name=\"_wpcf7_locale\" value=\"en_US\" \/><input type=\"hidden\" name=\"_wpcf7_unit_tag\" value=\"wpcf7-f231-o1\" \/><input type=\"hidden\" name=\"_wpcf7_container_post\" value=\"0\" \/><input type=\"hidden\" name=\"_wpcf7_posted_data_hash\" value=\"\" \/>\n<\/fieldset>\n<p><label> Ad\u0131n\u0131z<br \/>\n<span class=\"wpcf7-form-control-wrap\" data-name=\"your-name\"><input size=\"40\" maxlength=\"400\" class=\"wpcf7-form-control wpcf7-text wpcf7-validates-as-required\" aria-required=\"true\" aria-invalid=\"false\" value=\"\" type=\"text\" name=\"your-name\" \/><\/span> <\/label>\n<\/p>\n<p><label> Your email<br \/>\n<span class=\"wpcf7-form-control-wrap\" data-name=\"your-email\"><input size=\"40\" maxlength=\"400\" class=\"wpcf7-form-control wpcf7-email wpcf7-validates-as-required wpcf7-text wpcf7-validates-as-email\" aria-required=\"true\" aria-invalid=\"false\" value=\"\" type=\"email\" name=\"your-email\" \/><\/span> <\/label>\n<\/p>\n<p><label> Ders<br \/>\n<span class=\"wpcf7-form-control-wrap\" data-name=\"your-subject\"><input size=\"40\" maxlength=\"400\" class=\"wpcf7-form-control wpcf7-text wpcf7-validates-as-required\" aria-required=\"true\" aria-invalid=\"false\" value=\"\" type=\"text\" name=\"your-subject\" \/><\/span> <\/label>\n<\/p>\n<p><label> Mesaj\u0131n\u0131z (iste\u011fe ba\u011fl\u0131)<br \/>\n<span class=\"wpcf7-form-control-wrap\" data-name=\"your-message\"><textarea cols=\"40\" rows=\"10\" maxlength=\"2000\" class=\"wpcf7-form-control wpcf7-textarea\" aria-invalid=\"false\" name=\"your-message\"><\/textarea><\/span> <\/label>\n<\/p>\n<p><input class=\"wpcf7-form-control wpcf7-submit has-spinner\" type=\"submit\" value=\"G\u00f6ndermek\" \/>\n<\/p><div class=\"wpcf7-response-output\" aria-hidden=\"true\"><\/div>\n<input type=\"hidden\" name=\"trp-form-language\" value=\"tr\"\/><\/form>\n<\/div>\n<\/div>\n              <\/div>\n            <\/div>\n          <\/div>\n        <\/div>\n      <\/div>\n    <\/div>\n  <\/div>\n<\/div>\n<\/div>","protected":false},"excerpt":{"rendered":"<p>Location&nbsp; Maltepe, E-5 Yanyolu&nbsp; 34010 Zeytinburnu \/\u0130stanbul Turkey Contact customercare@masacare.com.tr info@masacare.com.tr Phone 00905-3163336432 586-703-6375 Contact Us<\/p>","protected":false},"author":1,"featured_media":0,"parent":0,"menu_order":0,"comment_status":"closed","ping_status":"closed","template":"page-templates\/full-width-page.php","meta":{"footnotes":""},"class_list":["post-119","page","type-page","status-publish","hentry"],"_links":{"self":[{"href":"http:\/\/masacare.com.tr\/tr\/wp-json\/wp\/v2\/pages\/119","targetHints":{"allow":["GET"]}}],"collection":[{"href":"http:\/\/masacare.com.tr\/tr\/wp-json\/wp\/v2\/pages"}],"about":[{"href":"http:\/\/masacare.com.tr\/tr\/wp-json\/wp\/v2\/types\/page"}],"author":[{"embeddable":true,"href":"http:\/\/masacare.com.tr\/tr\/wp-json\/wp\/v2\/users\/1"}],"replies":[{"embeddable":true,"href":"http:\/\/masacare.com.tr\/tr\/wp-json\/wp\/v2\/comments?post=119"}],"version-history":[{"count":9,"href":"http:\/\/masacare.com.tr\/tr\/wp-json\/wp\/v2\/pages\/119\/revisions"}],"predecessor-version":[{"id":1256,"href":"http:\/\/masacare.com.tr\/tr\/wp-json\/wp\/v2\/pages\/119\/revisions\/1256"}],"wp:attachment":[{"href":"http:\/\/masacare.com.tr\/tr\/wp-json\/wp\/v2\/media?parent=119"}],"curies":[{"name":"wp","href":"https:\/\/api.w.org\/{rel}","templated":true}]}}