{"id":1190,"date":"2022-10-05T12:16:42","date_gmt":"2022-10-05T12:16:42","guid":{"rendered":"http:\/\/masacare.com.tr\/?page_id=1190"},"modified":"2022-10-17T11:24:24","modified_gmt":"2022-10-17T11:24:24","slug":"ios-13485-md","status":"publish","type":"page","link":"http:\/\/masacare.com.tr\/tr\/ios-13485-md\/","title":{"rendered":"IOS 13485 MD"},"content":{"rendered":"<div data-colibri-id=\"1190-c1\" class=\"style-1650 style-local-1190-c1 position-relative\">\n  <!---->\n  <div data-colibri-component=\"section\" data-colibri-id=\"1190-c2\" id=\"reusable-sections\" class=\"h-section h-section-global-spacing d-flex align-items-lg-center align-items-md-center align-items-center style-1651 style-local-1190-c2 position-relative\">\n    <!---->\n    <!---->\n    <div class=\"h-section-grid-container h-section-fluid-container\">\n      <!---->\n      <div data-colibri-id=\"1190-c3\" class=\"h-row-container gutters-row-lg-0 gutters-row-md-0 gutters-row-2 gutters-row-v-lg-0 gutters-row-v-md-0 gutters-row-v-2 style-1652 style-local-1190-c3 position-relative\">\n        <!---->\n        <div class=\"h-row justify-content-lg-center justify-content-md-center justify-content-center align-items-lg-stretch align-items-md-stretch align-items-stretch gutters-col-lg-0 gutters-col-md-0 gutters-col-2 gutters-col-v-lg-0 gutters-col-v-md-0 gutters-col-v-2\">\n          <!---->\n          <div class=\"h-column h-column-container d-flex h-col-lg-auto h-col-md-auto h-col-auto style-1653-outer style-local-1190-c4-outer\">\n            <div data-colibri-id=\"1190-c4\" class=\"d-flex h-flex-basis h-column__inner h-px-lg-0 h-px-md-0 h-px-0 v-inner-lg-0 v-inner-md-0 v-inner-0 style-1653 style-local-1190-c4 position-relative\">\n              <!---->\n              <!---->\n              <div class=\"w-100 h-y-container h-column__content h-column__v-align flex-basis-100 align-self-lg-start align-self-md-start align-self-start\">\n                <!---->\n                <div data-colibri-id=\"1190-c5\" class=\"h-global-transition-all h-heading style-1654 style-local-1190-c5 position-relative h-element\">\n                  <!---->\n                  <div class=\"h-heading__outer style-1654 style-local-1190-c5\">\n                    <!---->\n                    <!---->\n                    <h2 class=\"\">Kalite Y\u00f6netim Sistemi EN ISO 13485 sertifikalar\u0131<\/h2>\n                  <\/div>\n                <\/div>\n                <div data-colibri-id=\"1190-c6\" class=\"h-text h-text-component style-1655 style-local-1190-c6 position-relative h-element\">\n                  <!---->\n                  <!---->\n                  <div class=\"\">\n                    <p>T\u0131bbi cihazlar\u0131n\u0131z, \u00fcr\u00fcnleriniz ve hizmetleriniz i\u00e7in sa\u011flam bir kalite y\u00f6netim sistemi (QMS) uygulamak ve s\u00fcrd\u00fcrmek, i\u015finizi in\u015fa etmek i\u00e7in vazge\u00e7ilmez bir temel sa\u011flar. KYS'nizin EN ISO 13485 sertifikas\u0131 \u015funlar\u0131 g\u00f6sterir:\nk\u00fcresel bir standartta \u00e7al\u0131\u015fma taahh\u00fcd\u00fcn\u00fcz.<\/p>\n                    <p>EN ISO 13485 sertifikasyon s\u00fcreci, kalite y\u00f6netim sisteminizin kapasitesini ve g\u00fcvenilirli\u011fini do\u011frulamak i\u00e7in yerinde denetimleri i\u00e7erir. Uzmanlar\u0131m\u0131z tasar\u0131m, geli\u015ftirme, \u00fcretim ve m\u00fc\u015fteri hizmetleri alanlar\u0131nda hem pratik uygulamay\u0131 hem de etkinlik derecesini de\u011ferlendirir.<\/p>\n                    <p>Sayg\u0131n ve d\u00fcnya \u00e7ap\u0131nda tan\u0131nan bir Onaylanm\u0131\u015f Kurulu\u015f olarak, kapsaml\u0131 akreditasyonlara sahibiz ve size d\u00fcnya \u00e7ap\u0131ndaki b\u00f6lgesel tesislerde hizmet verebiliyoruz. Tek noktadan hizmet portf\u00f6y\u00fcm\u00fcz, a\u015fa\u011f\u0131dakileri kar\u015f\u0131lamak i\u00e7in tasarlanm\u0131\u015f kapsaml\u0131 hizmetlerden olu\u015fur:\n  benzersiz ko\u015fullar\u0131n\u0131z ve i\u015f ihtiya\u00e7lar\u0131n\u0131z<\/p>\n                    <p>EN ISO 13485 sertifikas\u0131 i\u00e7in d\u00f6rt ad\u0131m:<\/p>\n                  <\/div>\n                <\/div>\n                <div data-colibri-id=\"1190-c7\" class=\"h-row-container gutters-row-lg-2 gutters-row-md-2 gutters-row-0 gutters-row-v-lg-2 gutters-row-v-md-2 gutters-row-v-0 style-1656 style-local-1190-c7 position-relative\">\n                  <!---->\n                  <div class=\"h-row justify-content-lg-center justify-content-md-center justify-content-center align-items-lg-stretch align-items-md-stretch align-items-stretch gutters-col-lg-2 gutters-col-md-2 gutters-col-0 gutters-col-v-lg-2 gutters-col-v-md-2 gutters-col-v-0\">\n                    <!---->\n                    <div class=\"h-column h-column-container d-flex h-col-lg-6 h-col-md-6 h-col-6 style-1657-outer style-local-1190-c8-outer\">\n                      <div data-colibri-id=\"1190-c8\" class=\"d-flex h-flex-basis h-column__inner h-px-lg-0 h-px-md-0 h-px-0 v-inner-lg-0 v-inner-md-0 v-inner-0 style-1657 style-local-1190-c8 position-relative\">\n                        <!---->\n                        <!---->\n                        <div class=\"w-100 h-y-container h-column__content h-column__v-align flex-basis-100 align-self-lg-start align-self-md-start align-self-start\">\n                          <!---->\n                          <div data-colibri-id=\"1190-c9\" class=\"h-global-transition-all h-heading style-1658 style-local-1190-c9 position-relative h-element\">\n                            <!---->\n                            <div class=\"h-heading__outer style-1658 style-local-1190-c9\">\n                              <!---->\n                              <!---->\n                              <h5 class=\"\">1. \u0130ste\u011fe ba\u011fl\u0131 \u00f6n denetim<\/h5>\n                            <\/div>\n                          <\/div>\n                          <div data-colibri-id=\"1190-c10\" class=\"h-text h-text-component style-1659 style-local-1190-c10 position-relative h-element\">\n                            <!---->\n                            <!---->\n                            <div class=\"\">\n                              <p>Tam \u00f6l\u00e7ekli A\u015fama I ve II denetimine haz\u0131r olup olmad\u0131\u011f\u0131n\u0131z\u0131 de\u011ferlendiren g\u00f6n\u00fcll\u00fc saha denetimi ve kalite y\u00f6netimi dok\u00fcmantasyonu incelemesi.<\/p>\n                            <\/div>\n                          <\/div>\n                        <\/div>\n                      <\/div>\n                    <\/div>\n                    <div class=\"h-column h-column-container d-flex h-col-lg-6 h-col-md-6 h-col-6 style-1657-outer style-local-1190-c11-outer\">\n                      <div data-colibri-id=\"1190-c11\" class=\"d-flex h-flex-basis h-column__inner h-px-lg-0 h-px-md-0 h-px-0 v-inner-lg-0 v-inner-md-0 v-inner-0 style-1657 style-local-1190-c11 position-relative\">\n                        <!---->\n                        <!---->\n                        <div class=\"w-100 h-y-container h-column__content h-column__v-align flex-basis-100 align-self-lg-start align-self-md-start align-self-start\">\n                          <!---->\n                          <div data-colibri-id=\"1190-c12\" class=\"h-global-transition-all h-heading style-1658 style-local-1190-c12 position-relative h-element\">\n                            <!---->\n                            <div class=\"h-heading__outer style-1658 style-local-1190-c12\">\n                              <!---->\n                              <!---->\n                              <h5 class=\"\">2. Denetim: A\u015fama I<\/h5>\n                            <\/div>\n                          <\/div>\n                          <div data-colibri-id=\"1190-c13\" class=\"h-text h-text-component style-1659 style-local-1190-c13 position-relative h-element\">\n                            <!---->\n                            <!---->\n                            <div class=\"\">\n                              <p>Yerinde denetim, kalite y\u00f6netimi dok\u00fcmantasyon analizi ve i\u015f de\u011ferlendirmesi sonu\u00e7lar\u0131na g\u00f6re belirlenen belgelendirme uygunlu\u011funun de\u011ferlendirilmesi.<\/p>\n                            <\/div>\n                          <\/div>\n                        <\/div>\n                      <\/div>\n                    <\/div>\n                    <div class=\"h-column h-column-container d-flex h-col-lg-6 h-col-md-6 h-col-6 style-1657-outer style-local-1190-c14-outer\">\n                      <div data-colibri-id=\"1190-c14\" class=\"d-flex h-flex-basis h-column__inner h-px-lg-0 h-px-md-0 h-px-0 v-inner-lg-0 v-inner-md-0 v-inner-0 style-1657 style-local-1190-c14 position-relative\">\n                        <!---->\n                        <!---->\n                        <div class=\"w-100 h-y-container h-column__content h-column__v-align flex-basis-100 align-self-lg-start align-self-md-start align-self-start\">\n                          <!---->\n                          <div data-colibri-id=\"1190-c15\" class=\"h-global-transition-all h-heading style-1658 style-local-1190-c15 position-relative h-element\">\n                            <!---->\n                            <div class=\"h-heading__outer style-1658 style-local-1190-c15\">\n                              <!---->\n                              <!---->\n                              <h5 class=\"\">3. Denetim: A\u015fama II<\/h5>\n                            <\/div>\n                          <\/div>\n                          <div data-colibri-id=\"1190-c16\" class=\"h-text h-text-component style-1659 style-local-1190-c16 position-relative h-element\">\n                            <!---->\n                            <!---->\n                            <div class=\"\">\n                              <p>Uygulamal\u0131 uygulama ve verimlilik alanlar\u0131nda m\u00fckemmellik i\u00e7in kalite y\u00f6netim sisteminin yerinde de\u011ferlendirilmesi.<\/p>\n                            <\/div>\n                          <\/div>\n                        <\/div>\n                      <\/div>\n                    <\/div>\n                    <div class=\"h-column h-column-container d-flex h-col-lg-6 h-col-md-6 h-col-6 style-1657-outer style-local-1190-c17-outer\">\n                      <div data-colibri-id=\"1190-c17\" class=\"d-flex h-flex-basis h-column__inner h-px-lg-0 h-px-md-0 h-px-0 v-inner-lg-0 v-inner-md-0 v-inner-0 style-1657 style-local-1190-c17 position-relative\">\n                        <!---->\n                        <!---->\n                        <div class=\"w-100 h-y-container h-column__content h-column__v-align flex-basis-100 align-self-lg-start align-self-md-start align-self-start\">\n                          <!---->\n                          <div data-colibri-id=\"1190-c18\" class=\"h-global-transition-all h-heading style-1658 style-local-1190-c18 position-relative h-element\">\n                            <!---->\n                            <div class=\"h-heading__outer style-1658 style-local-1190-c18\">\n                              <!---->\n                              <!---->\n                              <h5 class=\"\">4. Sertifikasyon<\/h5>\n                            <\/div>\n                          <\/div>\n                          <div data-colibri-id=\"1190-c19\" class=\"h-text h-text-component style-1659 style-local-1190-c19 position-relative h-element\">\n                            <!---->\n                            <!---->\n                            <div class=\"\">\n                              <p>Kalite y\u00f6netim sisteminizin b\u00fct\u00fcnl\u00fc\u011f\u00fcn\u00fc ve standartlara tam uyumlulu\u011funu onaylayan resmi onay.<\/p>\n                            <\/div>\n                          <\/div>\n                        <\/div>\n                      <\/div>\n                    <\/div>\n                  <\/div>\n                <\/div>\n              <\/div>\n            <\/div>\n          <\/div>\n          <div class=\"h-column h-column-container d-flex h-col-lg-auto h-col-md-auto h-col-auto style-1660-outer style-local-1190-c20-outer\">\n            <div data-colibri-id=\"1190-c20\" class=\"d-flex h-flex-basis h-column__inner h-ui-empty-state-container h-px-lg-0 h-px-md-0 h-px-0 v-inner-lg-0 v-inner-md-0 v-inner-0 style-1660 style-local-1190-c20 position-relative\">\n              <!---->\n              <!---->\n              <div class=\"w-100 h-y-container h-column__content h-column__v-align flex-basis-100\">\n                <!---->\n              <\/div>\n            <\/div>\n          <\/div>\n        <\/div>\n      <\/div>\n    <\/div>\n  <\/div>\n<\/div>","protected":false},"excerpt":{"rendered":"<p>Quality Management System EN ISO 13485 certifications Implementing and maintaining a robust quality management system (QMS) for your medical devices, products and services provides an indispensable foundation on which to build your business. EN ISO 13485 certification of your QMS demonstrates your commitment to operating at a global standard. The EN ISO 13485 certification process [&hellip;]<\/p>","protected":false},"author":1,"featured_media":0,"parent":0,"menu_order":0,"comment_status":"closed","ping_status":"closed","template":"page-templates\/full-width-page.php","meta":{"footnotes":""},"class_list":["post-1190","page","type-page","status-publish","hentry"],"_links":{"self":[{"href":"http:\/\/masacare.com.tr\/tr\/wp-json\/wp\/v2\/pages\/1190","targetHints":{"allow":["GET"]}}],"collection":[{"href":"http:\/\/masacare.com.tr\/tr\/wp-json\/wp\/v2\/pages"}],"about":[{"href":"http:\/\/masacare.com.tr\/tr\/wp-json\/wp\/v2\/types\/page"}],"author":[{"embeddable":true,"href":"http:\/\/masacare.com.tr\/tr\/wp-json\/wp\/v2\/users\/1"}],"replies":[{"embeddable":true,"href":"http:\/\/masacare.com.tr\/tr\/wp-json\/wp\/v2\/comments?post=1190"}],"version-history":[{"count":2,"href":"http:\/\/masacare.com.tr\/tr\/wp-json\/wp\/v2\/pages\/1190\/revisions"}],"predecessor-version":[{"id":1401,"href":"http:\/\/masacare.com.tr\/tr\/wp-json\/wp\/v2\/pages\/1190\/revisions\/1401"}],"wp:attachment":[{"href":"http:\/\/masacare.com.tr\/tr\/wp-json\/wp\/v2\/media?parent=1190"}],"curies":[{"name":"wp","href":"https:\/\/api.w.org\/{rel}","templated":true}]}}