{"id":1193,"date":"2022-10-05T12:17:21","date_gmt":"2022-10-05T12:17:21","guid":{"rendered":"http:\/\/masacare.com.tr\/?page_id=1193"},"modified":"2022-10-17T11:29:01","modified_gmt":"2022-10-17T11:29:01","slug":"ios-14001-ems","status":"publish","type":"page","link":"http:\/\/masacare.com.tr\/tr\/ios-14001-ems\/","title":{"rendered":"IOS 14001 EMS"},"content":{"rendered":"<div data-colibri-id=\"1193-c1\" class=\"style-1661 style-local-1193-c1 position-relative\">\n  <!---->\n  <div data-colibri-component=\"section\" data-colibri-id=\"1193-c2\" id=\"reusable-sections\" class=\"h-section h-section-global-spacing d-flex align-items-lg-center align-items-md-center align-items-center style-1662 style-local-1193-c2 position-relative\">\n    <!---->\n    <!---->\n    <div class=\"h-section-grid-container h-section-fluid-container\">\n      <!---->\n      <div data-colibri-id=\"1193-c3\" class=\"h-row-container gutters-row-lg-0 gutters-row-md-0 gutters-row-2 gutters-row-v-lg-0 gutters-row-v-md-0 gutters-row-v-2 style-1663 style-local-1193-c3 position-relative\">\n        <!---->\n        <div class=\"h-row justify-content-lg-center justify-content-md-center justify-content-center align-items-lg-stretch align-items-md-stretch align-items-stretch gutters-col-lg-0 gutters-col-md-0 gutters-col-2 gutters-col-v-lg-0 gutters-col-v-md-0 gutters-col-v-2\">\n          <!---->\n          <div class=\"h-column h-column-container d-flex h-col-lg-auto h-col-md-auto h-col-auto style-1664-outer style-local-1193-c4-outer\">\n            <div data-colibri-id=\"1193-c4\" class=\"d-flex h-flex-basis h-column__inner h-px-lg-0 h-px-md-0 h-px-0 v-inner-lg-0 v-inner-md-0 v-inner-0 style-1664 style-local-1193-c4 position-relative\">\n              <!---->\n              <!---->\n              <div class=\"w-100 h-y-container h-column__content h-column__v-align flex-basis-100 align-self-lg-start align-self-md-start align-self-start\">\n                <!---->\n                <div data-colibri-id=\"1193-c5\" class=\"h-global-transition-all h-heading style-1665 style-local-1193-c5 position-relative h-element\">\n                  <!---->\n                  <div class=\"h-heading__outer style-1665 style-local-1193-c5\">\n                    <!---->\n                    <!---->\n                    <h2 class=\"\">ISO 14001 <\/h2>\n                  <\/div>\n                <\/div>\n                <div data-colibri-id=\"1193-c6\" class=\"h-text h-text-component style-1666 style-local-1193-c6 position-relative h-element\">\n                  <!---->\n                  <!---->\n                  <div class=\"\">\n                    <p>ISO 14001, \u00e7evre y\u00f6netimine ba\u011fl\u0131l\u0131k g\u00f6steren i\u015fletmeler s\u00f6z konusu oldu\u011funda alt\u0131n standart olarak kabul edilir. Uluslararas\u0131 Standardizasyon \u00d6rg\u00fct\u00fc uzmanlar\u0131 taraf\u0131ndan geli\u015ftirilen ISO 14001, temelleri at\u0131yor.\nEtkili bir \u00c7evre Y\u00f6netim Sistemi (\u00c7YS) i\u00e7in \u00e7al\u0131\u015fmak. D\u00fcnya \u00e7ap\u0131nda \u00e7eyrek milyondan fazla kurulu\u015f bir ISO 14001 sertifikas\u0131na sahiptir ve d\u00fcnyan\u0131n en \u00e7evreci i\u015fletmelerinden baz\u0131lar\u0131, ISO sertifikalar\u0131n\u0131n bir par\u00e7as\u0131 olarak lanse etmektedir.\ns\u00fcrd\u00fcr\u00fclebilirlik ba\u015far\u0131lar\u0131 ve\/veya yaln\u0131zca di\u011fer ISO 14001 sertifikal\u0131 tedarik\u00e7ilerle i\u015f yapmay\u0131 se\u00e7meleri<\/p>\n                    <p>\n                      <br>\n                    <\/p>\n                  <\/div>\n                <\/div>\n                <div data-colibri-id=\"1193-c7\" class=\"h-row-container gutters-row-lg-2 gutters-row-md-2 gutters-row-0 gutters-row-v-lg-2 gutters-row-v-md-2 gutters-row-v-0 style-1667 style-local-1193-c7 position-relative\">\n                  <!---->\n                  <div class=\"h-row justify-content-lg-center justify-content-md-center justify-content-center align-items-lg-stretch align-items-md-stretch align-items-stretch gutters-col-lg-2 gutters-col-md-2 gutters-col-0 gutters-col-v-lg-2 gutters-col-v-md-2 gutters-col-v-0\">\n                    <!---->\n                    <div class=\"h-column h-column-container d-flex h-col-lg-6 h-col-md-6 h-col-6 style-1668-outer style-local-1193-c8-outer\">\n                      <div data-colibri-id=\"1193-c8\" class=\"d-flex h-flex-basis h-column__inner h-px-lg-0 h-px-md-0 h-px-0 v-inner-lg-0 v-inner-md-0 v-inner-0 style-1668 style-local-1193-c8 position-relative\">\n                        <!---->\n                        <!---->\n                        <div class=\"w-100 h-y-container h-column__content h-column__v-align flex-basis-100 align-self-lg-start align-self-md-start align-self-start\">\n                          <!---->\n                          <div data-colibri-id=\"1193-c9\" class=\"h-global-transition-all h-heading style-1669 style-local-1193-c9 position-relative h-element\">\n                            <!---->\n                            <div class=\"h-heading__outer style-1669 style-local-1193-c9\">\n                              <!---->\n                              <!---->\n                              <h5 class=\"\">Sertifikasyon S\u00fcreci <\/h5>\n                            <\/div>\n                          <\/div>\n                          <div data-colibri-id=\"1193-c10\" class=\"h-text h-text-component style-1670 style-local-1193-c10 position-relative h-element\">\n                            <!---->\n                            <!---->\n                            <div class=\"\">\n                              <p>ISO 14001 sertifikas\u0131 alma s\u00fcreci, bir \u00e7evre y\u00f6netim sistemi (EMS) i\u00e7in ISO'nun en iyi uygulamalar\u0131n\u0131 takip eden bir \u00c7YS tasarlamay\u0131 ve uygulamay\u0131, onu kurmay\u0131 ve \u00e7al\u0131\u015ft\u0131rmay\u0131 ve ISO onayl\u0131 bir denet\u00e7inin sistemin tam denetimini ger\u00e7ekle\u015ftirmesini i\u00e7erir. . Bu denetim, kapsaml\u0131 dok\u00fcmantasyon gerektirecek ve denet\u00e7inin, ISO 14001 sertifikas\u0131n\u0131 almadan \u00f6nce kar\u015f\u0131lanmas\u0131 gereken tavsiyeleri olabilir.<\/p>\n                            <\/div>\n                          <\/div>\n                        <\/div>\n                      <\/div>\n                    <\/div>\n                    <div class=\"h-column h-column-container d-flex h-col-lg-6 h-col-md-6 h-col-6 style-1668-outer style-local-1193-c11-outer\">\n                      <div data-colibri-id=\"1193-c11\" class=\"d-flex h-flex-basis h-column__inner h-px-lg-0 h-px-md-0 h-px-0 v-inner-lg-0 v-inner-md-0 v-inner-0 style-1668 style-local-1193-c11 position-relative\">\n                        <!---->\n                        <!---->\n                        <div class=\"w-100 h-y-container h-column__content h-column__v-align flex-basis-100 align-self-lg-start align-self-md-start align-self-start\">\n                          <!---->\n                          <div data-colibri-id=\"1193-c12\" class=\"h-global-transition-all h-heading style-1669 style-local-1193-c12 position-relative h-element\">\n                            <!---->\n                            <div class=\"h-heading__outer style-1669 style-local-1193-c12\">\n                              <!---->\n                              <!---->\n                              <h5 class=\"\">Faydalar <\/h5>\n                            <\/div>\n                          <\/div>\n                          <div data-colibri-id=\"1193-c13\" class=\"h-text h-text-component style-1670 style-local-1193-c13 position-relative h-element\">\n                            <!---->\n                            <!---->\n                            <div class=\"\">\n                              <p>D\u00fcnya h\u0131zla geni\u015fliyor, \u00e7ok say\u0131da insan, k\u00fclt\u00fcr ve i\u015fletme giderek daha fazla birbirine ba\u011fl\u0131 hale geliyor. Bu k\u00fcresel ba\u011flant\u0131 miktar\u0131 da art\u0131rd\u0131. <\/p>\n                              <p>s\u00fcrd\u00fcr\u00fclebilir kalk\u0131nma ve \u00e7evresel standartlar hakk\u0131nda kamu ve buna ba\u011fl\u0131 olarak h\u00fck\u00fcmet bilinci. <span style=\"font-size: 14pt; font-family: &quot;Arial Narrow&quot;, sans-serif; color: rgb(43, 43, 43);\"> <\/span><\/p>\n                            <\/div>\n                          <\/div>\n                        <\/div>\n                      <\/div>\n                    <\/div>\n                  <\/div>\n                <\/div>\n                <div data-colibri-id=\"1193-c21\" class=\"h-text h-text-component style-1672 style-local-1193-c21 position-relative h-element\">\n                  <!---->\n                  <!---->\n                  <div class=\"\">\n                    <p>ISO sertifikas\u0131n\u0131n kamusal faydalar\u0131 soyut g\u00f6r\u00fcnebilir, ancak asl\u0131nda payda\u015flar, di\u011fer i\u015fletmeler, pazar ve h\u00fck\u00fcmet \u00fczerinde b\u00fcy\u00fck bir etkisi olabilir. Bu nedenle, ISO sertifikasyonu i\u00e7in her t\u00fcrl\u00fc \u00e7abay\u0131 g\u00f6stermek zorunludur.\n\u00c7evresel iyile\u015ftirmeler, riskten ka\u00e7\u0131nma ve i\u015f b\u00fcy\u00fcmesi dahil olmak \u00fczere bir\u00e7ok potansiyel fayda olabilece\u011finden denetim iyi gidiyor<\/p>\n                  <\/div>\n                <\/div>\n              <\/div>\n            <\/div>\n          <\/div>\n          <div class=\"h-column h-column-container d-flex h-col-lg-auto h-col-md-auto h-col-auto style-1671-outer style-local-1193-c20-outer\">\n            <div data-colibri-id=\"1193-c20\" class=\"d-flex h-flex-basis h-column__inner h-ui-empty-state-container h-px-lg-0 h-px-md-0 h-px-0 v-inner-lg-0 v-inner-md-0 v-inner-0 style-1671 style-local-1193-c20 position-relative\">\n              <!---->\n              <!---->\n              <div class=\"w-100 h-y-container h-column__content h-column__v-align flex-basis-100\">\n                <!---->\n              <\/div>\n            <\/div>\n          <\/div>\n        <\/div>\n      <\/div>\n    <\/div>\n  <\/div>\n<\/div>","protected":false},"excerpt":{"rendered":"<p>ISO 14001 ISO 14001 is considered the gold standard when it comes to businesses demonstrating a commitment to environmental management. Developed by the experts at the International Organization for Standardization, ISO 14001 lays out the ground work for an effective Environmental Management System (EMS). Over a quarter of a million organizations globally have an ISO [&hellip;]<\/p>","protected":false},"author":1,"featured_media":0,"parent":0,"menu_order":0,"comment_status":"closed","ping_status":"closed","template":"page-templates\/full-width-page.php","meta":{"footnotes":""},"class_list":["post-1193","page","type-page","status-publish","hentry"],"_links":{"self":[{"href":"http:\/\/masacare.com.tr\/tr\/wp-json\/wp\/v2\/pages\/1193","targetHints":{"allow":["GET"]}}],"collection":[{"href":"http:\/\/masacare.com.tr\/tr\/wp-json\/wp\/v2\/pages"}],"about":[{"href":"http:\/\/masacare.com.tr\/tr\/wp-json\/wp\/v2\/types\/page"}],"author":[{"embeddable":true,"href":"http:\/\/masacare.com.tr\/tr\/wp-json\/wp\/v2\/users\/1"}],"replies":[{"embeddable":true,"href":"http:\/\/masacare.com.tr\/tr\/wp-json\/wp\/v2\/comments?post=1193"}],"version-history":[{"count":2,"href":"http:\/\/masacare.com.tr\/tr\/wp-json\/wp\/v2\/pages\/1193\/revisions"}],"predecessor-version":[{"id":1408,"href":"http:\/\/masacare.com.tr\/tr\/wp-json\/wp\/v2\/pages\/1193\/revisions\/1408"}],"wp:attachment":[{"href":"http:\/\/masacare.com.tr\/tr\/wp-json\/wp\/v2\/media?parent=1193"}],"curies":[{"name":"wp","href":"https:\/\/api.w.org\/{rel}","templated":true}]}}