{"id":1196,"date":"2022-10-05T12:18:24","date_gmt":"2022-10-05T12:18:24","guid":{"rendered":"http:\/\/masacare.com.tr\/?page_id=1196"},"modified":"2022-10-17T11:37:11","modified_gmt":"2022-10-17T11:37:11","slug":"iso-45001-ohsas","status":"publish","type":"page","link":"http:\/\/masacare.com.tr\/tr\/iso-45001-ohsas\/","title":{"rendered":"ISO 45001 OHSAS"},"content":{"rendered":"<div data-colibri-id=\"1196-c1\" class=\"style-1673 style-local-1196-c1 position-relative\">\n  <!---->\n  <div data-colibri-component=\"section\" data-colibri-id=\"1196-c2\" id=\"reusable-sections\" class=\"h-section h-section-global-spacing d-flex align-items-lg-center align-items-md-center align-items-center style-1674 style-local-1196-c2 position-relative\">\n    <!---->\n    <!---->\n    <div class=\"h-section-grid-container h-section-fluid-container\">\n      <!---->\n      <div data-colibri-id=\"1196-c3\" class=\"h-row-container gutters-row-lg-0 gutters-row-md-0 gutters-row-2 gutters-row-v-lg-0 gutters-row-v-md-0 gutters-row-v-2 style-1675 style-local-1196-c3 position-relative\">\n        <!---->\n        <div class=\"h-row justify-content-lg-center justify-content-md-center justify-content-center align-items-lg-stretch align-items-md-stretch align-items-stretch gutters-col-lg-0 gutters-col-md-0 gutters-col-2 gutters-col-v-lg-0 gutters-col-v-md-0 gutters-col-v-2\">\n          <!---->\n          <div class=\"h-column h-column-container d-flex h-col-lg-auto h-col-md-auto h-col-auto style-1676-outer style-local-1196-c4-outer\">\n            <div data-colibri-id=\"1196-c4\" class=\"d-flex h-flex-basis h-column__inner h-px-lg-0 h-px-md-0 h-px-0 v-inner-lg-0 v-inner-md-0 v-inner-0 style-1676 style-local-1196-c4 position-relative\">\n              <!---->\n              <!---->\n              <div class=\"w-100 h-y-container h-column__content h-column__v-align flex-basis-100 align-self-lg-start align-self-md-start align-self-start\">\n                <!---->\n                <div data-colibri-id=\"1196-c5\" class=\"h-global-transition-all h-heading style-1677 style-local-1196-c5 position-relative h-element\">\n                  <!---->\n                  <div class=\"h-heading__outer style-1677 style-local-1196-c5\">\n                    <!---->\n                    <!---->\n                    <h2 class=\"\">ISO 45001<\/h2>\n                  <\/div>\n                <\/div>\n                <div data-colibri-id=\"1196-c6\" class=\"h-text h-text-component style-1678 style-local-1196-c6 position-relative h-element\">\n                  <!---->\n                  <!---->\n                  <div class=\"\">\n                    <p>ISO 45001, i\u015f sa\u011fl\u0131\u011f\u0131 ve g\u00fcvenli\u011fi (\u0130SG) y\u00f6netim sistemi i\u00e7in gereksinimleri belirleyen uluslararas\u0131 bir standartt\u0131r. Kurulu\u015flar\u0131n riskleri ve f\u0131rsatlar\u0131 y\u00f6netmeleri i\u00e7in \u00e7al\u0131\u015fanlar\u0131n \u00f6nlenmesine yard\u0131mc\u0131 olacak bir \u00e7er\u00e7eve sa\u011flar.\nhastal\u0131klar ve yaralanmalar. ISO 45001 sertifikas\u0131, standarda tam uyum sa\u011flad\u0131\u011f\u0131n\u0131z anlam\u0131na gelir. ISO 45001 sertifikas\u0131n\u0131 takip etmek, \u00e7al\u0131\u015fanlar\u0131n\u0131z\u0131n sa\u011fl\u0131\u011f\u0131 ve refah\u0131na olan ba\u011fl\u0131l\u0131\u011f\u0131n\u0131z\u0131 g\u00f6stermenin bir yoludur ve\ns\u00fcrekli g\u00fcvenlik iyile\u015ftirmesine.<\/p>\n                    <p>ISO 45001 sertifikas\u0131n\u0131n faydalar\u0131<\/p>\n                    <ul>\n                      <li>Y\u00f6netmeliklere uyun<\/li>\n                      <li>Operasyonel riski y\u00f6netin<\/li>\n                      <li>Payda\u015f g\u00fcvenini art\u0131r\u0131n<\/li>\n                      <li>Kurulu\u015funuzu koruyun<\/li>\n                      <li>S\u00f6zle\u015fmeler kazan\u0131n ve rekabet avantaj\u0131 elde edin<\/li>\n                    <\/ul>\n                    <p>\n                      <br>\n                    <\/p>\n                    <p>ISO 45001 sertifikal\u0131<\/p>\n                    <p>Bir ISO 45001 y\u00f6netim sistemine sahip oldu\u011funuzda, belgelendirme olduk\u00e7a basittir. Uluslararas\u0131 Standartlar Organizasyonu (ISO) asl\u0131nda sertifika sunmuyor, bu y\u00fczden sertifika almak istiyorsan\u0131z gitmeniz gerekecek.\nakredite bir \u00fc\u00e7\u00fcnc\u00fc taraf arac\u0131l\u0131\u011f\u0131yla. ISO 45001 sertifikas\u0131 alman\u0131n temel ad\u0131mlar\u0131 \u015funlard\u0131r:<\/p>\n                    <ul>\n                      <li>Bir ISO 45001 y\u00f6netim sistemi geli\u015ftirmek ve uygulamak<\/li>\n                      <li>Akredite bir \u00fc\u00e7\u00fcnc\u00fc tarafla bir denetim planlay\u0131n<\/li>\n                      <li>Bir denet\u00e7i, uyumlu oldu\u011funuzdan emin olmak i\u00e7in s\u00fcre\u00e7lerinizi ve uygulaman\u0131z\u0131 g\u00f6zden ge\u00e7irecektir.<\/li>\n                      <li>Gerekirse, denetimde belirlenen uyum sorunlar\u0131n\u0131 d\u00fczeltin<\/li>\n                      <li>T\u00fcm gereksinimleri kar\u015f\u0131lad\u0131\u011f\u0131n\u0131zda bir ISO 45001 sertifikas\u0131 alacaks\u0131n\u0131z.<\/li>\n                    <\/ul>\n                  <\/div>\n                <\/div>\n              <\/div>\n            <\/div>\n          <\/div>\n        <\/div>\n      <\/div>\n    <\/div>\n  <\/div>\n<\/div>","protected":false},"excerpt":{"rendered":"<p>ISO 45001 ISO 45001 is an international standard that specifies requirements for an occupational health &amp; safety (OHS) management system. It provides a framework for organizations to manage risks and opportunities to help prevent worker illnesses and injuries. ISO 45001 certification means that you have achieved full compliance with the standard. Pursuing ISO 45001 certification [&hellip;]<\/p>","protected":false},"author":1,"featured_media":0,"parent":0,"menu_order":0,"comment_status":"closed","ping_status":"closed","template":"page-templates\/full-width-page.php","meta":{"footnotes":""},"class_list":["post-1196","page","type-page","status-publish","hentry"],"_links":{"self":[{"href":"http:\/\/masacare.com.tr\/tr\/wp-json\/wp\/v2\/pages\/1196","targetHints":{"allow":["GET"]}}],"collection":[{"href":"http:\/\/masacare.com.tr\/tr\/wp-json\/wp\/v2\/pages"}],"about":[{"href":"http:\/\/masacare.com.tr\/tr\/wp-json\/wp\/v2\/types\/page"}],"author":[{"embeddable":true,"href":"http:\/\/masacare.com.tr\/tr\/wp-json\/wp\/v2\/users\/1"}],"replies":[{"embeddable":true,"href":"http:\/\/masacare.com.tr\/tr\/wp-json\/wp\/v2\/comments?post=1196"}],"version-history":[{"count":2,"href":"http:\/\/masacare.com.tr\/tr\/wp-json\/wp\/v2\/pages\/1196\/revisions"}],"predecessor-version":[{"id":1415,"href":"http:\/\/masacare.com.tr\/tr\/wp-json\/wp\/v2\/pages\/1196\/revisions\/1415"}],"wp:attachment":[{"href":"http:\/\/masacare.com.tr\/tr\/wp-json\/wp\/v2\/media?parent=1196"}],"curies":[{"name":"wp","href":"https:\/\/api.w.org\/{rel}","templated":true}]}}