{"id":1217,"date":"2022-10-05T12:27:16","date_gmt":"2022-10-05T12:27:16","guid":{"rendered":"http:\/\/masacare.com.tr\/?page_id=1217"},"modified":"2022-10-20T05:58:52","modified_gmt":"2022-10-20T05:58:52","slug":"sterilization","status":"publish","type":"page","link":"http:\/\/masacare.com.tr\/tr\/sterilization\/","title":{"rendered":"Sterilizasyon"},"content":{"rendered":"<div data-colibri-id=\"1217-c1\" class=\"style-1735 style-local-1217-c1 position-relative\">\n  <!---->\n  <div data-colibri-component=\"section\" data-colibri-id=\"1217-c2\" id=\"reusable-sections\" class=\"h-section h-section-global-spacing d-flex align-items-lg-center align-items-md-center align-items-center style-1736 style-local-1217-c2 position-relative\">\n    <!---->\n    <!---->\n    <div class=\"h-section-grid-container h-section-fluid-container\">\n      <!---->\n      <div data-colibri-id=\"1217-c3\" class=\"h-row-container gutters-row-lg-0 gutters-row-md-0 gutters-row-2 gutters-row-v-lg-0 gutters-row-v-md-0 gutters-row-v-2 style-1737 style-local-1217-c3 position-relative\">\n        <!---->\n        <div class=\"h-row justify-content-lg-center justify-content-md-center justify-content-center align-items-lg-stretch align-items-md-stretch align-items-stretch gutters-col-lg-0 gutters-col-md-0 gutters-col-2 gutters-col-v-lg-0 gutters-col-v-md-0 gutters-col-v-2\">\n          <!---->\n          <div class=\"h-column h-column-container d-flex h-col-lg-auto h-col-md-auto h-col-auto style-1738-outer style-local-1217-c4-outer\">\n            <div data-colibri-id=\"1217-c4\" class=\"d-flex h-flex-basis h-column__inner h-px-lg-0 h-px-md-0 h-px-0 v-inner-lg-0 v-inner-md-0 v-inner-0 style-1738 style-local-1217-c4 position-relative\">\n              <!---->\n              <!---->\n              <div class=\"w-100 h-y-container h-column__content h-column__v-align flex-basis-100 align-self-lg-start align-self-md-start align-self-start\">\n                <!---->\n                <div data-colibri-id=\"1217-c5\" class=\"h-global-transition-all h-heading style-1739 style-local-1217-c5 position-relative h-element\">\n                  <!---->\n                  <div class=\"h-heading__outer style-1739 style-local-1217-c5\">\n                    <!---->\n                    <!---->\n                    <h2 class=\"\">Etilen Oksit Sterilizasyon Validasyonu<\/h2>\n                  <\/div>\n                <\/div>\n                <div data-colibri-id=\"1217-c6\" class=\"h-text h-text-component style-1740 style-local-1217-c6 position-relative h-element\">\n                  <!---->\n                  <!---->\n                  <div class=\"\">\n                    <p>\n                      <br>\n                    <\/p>\n                    <p>Etilen Oksit (EO) Sterilizasyon Validasyonu, \u00fcreticiye uygun sterilite g\u00fcvence seviyesini sa\u011flayan ve her \u00fcr\u00fcn i\u00e7in tekrarlanabilirlik sa\u011flayan bir sterilizasyon s\u00fcrecinin geli\u015ftirilmesinde yard\u0131mc\u0131 olmak i\u00e7in tasarlanm\u0131\u015ft\u0131r.\ntipi geli\u015ftirdi. \u0130ster kurum i\u00e7inde ister s\u00f6zle\u015fmeli sterilizat\u00f6r ile sterilize edilmi\u015f olsun, her t\u00fcr \u00fcr\u00fcn, ulusal ve uluslararas\u0131 standartlara uygunlu\u011fu sa\u011flamak i\u00e7in valide edilmelidir.<\/p>\n                    <p>EO Sterilizasyon Validasyonu gereklilikleri ANSI\/AAMI\/ISO 11135'te ana hatlar\u0131yla belirtilmi\u015ftir. \u00c7e\u015fitli AAMI TIR'lar\u0131 ayr\u0131ca sterilizasyon standard\u0131n\u0131n gerekliliklerini kar\u015f\u0131lama konusunda rehberlik sunar. Nelson Labs, Etilen Oksit Sterilizasyonunda uzmanla\u015fm\u0131\u015ft\u0131r olu\u015fturmadan nihai raporun tamamlanmas\u0131na kadar t\u00fcm s\u00fcre\u00e7 boyunca sizinle ve bir\u00e7ok s\u00f6zle\u015fmeli sterilizasyon tesisiyle ortak olabiliriz. Daha fazla ayr\u0131nt\u0131 i\u00e7in a\u015fa\u011f\u0131ya bak\u0131n.<\/p>\n                    <p>\n                      <br>\n                    <\/p>\n                    <p>\n                      <br>\n                    <\/p>\n                    <p>\n                      <br>\n                    <\/p>\n                    <p>\n                      <br>\n                    <\/p>\n                  <\/div>\n                <\/div>\n              <\/div>\n            <\/div>\n          <\/div>\n          <div class=\"h-column h-column-container d-flex h-col-lg-auto h-col-md-auto h-col-auto style-1745-outer style-local-1217-c7-outer\">\n            <div data-colibri-id=\"1217-c7\" class=\"d-flex h-flex-basis h-column__inner h-ui-empty-state-container h-px-lg-0 h-px-md-0 h-px-0 v-inner-lg-0 v-inner-md-0 v-inner-0 style-1745 style-local-1217-c7 position-relative\">\n              <!---->\n              <!---->\n              <div class=\"w-100 h-y-container h-column__content h-column__v-align flex-basis-100\">\n                <!---->\n              <\/div>\n            <\/div>\n          <\/div>\n        <\/div>\n      <\/div>\n    <\/div>\n  <\/div>\n<\/div>","protected":false},"excerpt":{"rendered":"<p>Ethylene Oxide Sterilization Validation An Ethylene Oxide (EO) Sterilization Validation is designed to assist the manufacturer in the development of a sterilization process that delivers the appropriate sterility assurance level and ensures repeatability for each product type developed. All types of products, whether sterilized in-house or by a contract sterilizer, must be validated to ensure [&hellip;]<\/p>","protected":false},"author":1,"featured_media":0,"parent":0,"menu_order":0,"comment_status":"closed","ping_status":"closed","template":"page-templates\/full-width-page.php","meta":{"footnotes":""},"class_list":["post-1217","page","type-page","status-publish","hentry"],"_links":{"self":[{"href":"http:\/\/masacare.com.tr\/tr\/wp-json\/wp\/v2\/pages\/1217","targetHints":{"allow":["GET"]}}],"collection":[{"href":"http:\/\/masacare.com.tr\/tr\/wp-json\/wp\/v2\/pages"}],"about":[{"href":"http:\/\/masacare.com.tr\/tr\/wp-json\/wp\/v2\/types\/page"}],"author":[{"embeddable":true,"href":"http:\/\/masacare.com.tr\/tr\/wp-json\/wp\/v2\/users\/1"}],"replies":[{"embeddable":true,"href":"http:\/\/masacare.com.tr\/tr\/wp-json\/wp\/v2\/comments?post=1217"}],"version-history":[{"count":5,"href":"http:\/\/masacare.com.tr\/tr\/wp-json\/wp\/v2\/pages\/1217\/revisions"}],"predecessor-version":[{"id":1502,"href":"http:\/\/masacare.com.tr\/tr\/wp-json\/wp\/v2\/pages\/1217\/revisions\/1502"}],"wp:attachment":[{"href":"http:\/\/masacare.com.tr\/tr\/wp-json\/wp\/v2\/media?parent=1217"}],"curies":[{"name":"wp","href":"https:\/\/api.w.org\/{rel}","templated":true}]}}