{"id":1219,"date":"2022-10-05T12:27:40","date_gmt":"2022-10-05T12:27:40","guid":{"rendered":"http:\/\/masacare.com.tr\/?page_id=1219"},"modified":"2022-10-20T06:29:23","modified_gmt":"2022-10-20T06:29:23","slug":"process","status":"publish","type":"page","link":"http:\/\/masacare.com.tr\/tr\/process\/","title":{"rendered":"\u0130\u015flem"},"content":{"rendered":"<div data-colibri-id=\"1219-c1\" class=\"style-1746 style-local-1219-c1 position-relative\">\n  <!---->\n  <div data-colibri-component=\"section\" data-colibri-id=\"1219-c2\" id=\"reusable-sections\" class=\"h-section h-section-global-spacing d-flex align-items-lg-center align-items-md-center align-items-center style-1747 style-local-1219-c2 position-relative\">\n    <!---->\n    <!---->\n    <div class=\"h-section-grid-container h-section-fluid-container\">\n      <!---->\n      <div data-colibri-id=\"1219-c3\" class=\"h-row-container gutters-row-lg-0 gutters-row-md-0 gutters-row-2 gutters-row-v-lg-0 gutters-row-v-md-0 gutters-row-v-2 style-1748 style-local-1219-c3 position-relative\">\n        <!---->\n        <div class=\"h-row justify-content-lg-center justify-content-md-center justify-content-center align-items-lg-stretch align-items-md-stretch align-items-stretch gutters-col-lg-0 gutters-col-md-0 gutters-col-2 gutters-col-v-lg-0 gutters-col-v-md-0 gutters-col-v-2\">\n          <!---->\n          <div class=\"h-column h-column-container d-flex h-col-lg-auto h-col-md-auto h-col-auto style-1749-outer style-local-1219-c4-outer\">\n            <div data-colibri-id=\"1219-c4\" class=\"d-flex h-flex-basis h-column__inner h-px-lg-0 h-px-md-0 h-px-0 v-inner-lg-0 v-inner-md-0 v-inner-0 style-1749 style-local-1219-c4 position-relative\">\n              <!---->\n              <!---->\n              <div class=\"w-100 h-y-container h-column__content h-column__v-align flex-basis-100 align-self-lg-start align-self-md-start align-self-start\">\n                <!---->\n                <div data-colibri-id=\"1219-c5\" class=\"h-global-transition-all h-heading style-1750 style-local-1219-c5 position-relative h-element\">\n                  <!---->\n                  <div class=\"h-heading__outer style-1750 style-local-1219-c5\">\n                    <!---->\n                    <!---->\n                    <h2 class=\"\">\u0130\u015flem do\u011frulama<\/h2>\n                  <\/div>\n                <\/div>\n                <div data-colibri-id=\"1219-c6\" class=\"h-text h-text-component style-1751 style-local-1219-c6 position-relative h-element\">\n                  <!---->\n                  <!---->\n                  <div class=\"\">\n                    <p>1. S\u00fcre\u00e7 Tasar\u0131m\u0131: Ticari s\u00fcre\u00e7, s\u00fcre\u00e7 geli\u015ftirme faaliyetleri yoluyla kazan\u0131lan bilgilere dayal\u0131 olarak bu a\u015famada tan\u0131mlan\u0131r.<\/p>\n                    <p>2. Proses Kalifikasyonu: Bu a\u015famada proses tasar\u0131m\u0131n\u0131n tekrarlanabilir ticari \u00fcretime uygun oldu\u011fu onaylan\u0131r. Tesisin, altyap\u0131 hizmetlerinin ve ekipman\u0131n kalifikasyonu dahil.<\/p>\n                    <p>3. S\u00fcrekli S\u00fcre\u00e7 Do\u011frulamas\u0131: Bak\u0131m, s\u00fcrekli do\u011frulama ve s\u00fcre\u00e7 iyile\u015ftirme. Rutin \u00fcretim s\u00fcrecinin kontrol durumunda kald\u0131\u011f\u0131na dair s\u00fcrekli g\u00fcvence. s\u0131ras\u0131nda bilgi toplayarak ve izleyerek de\u011ferlendirilir. ticarile\u015ftirme.<\/p>\n                  <\/div>\n                <\/div>\n              <\/div>\n            <\/div>\n          <\/div>\n        <\/div>\n      <\/div>\n      <div data-colibri-id=\"1219-c29\" class=\"h-row-container gutters-row-lg-2 gutters-row-md-2 gutters-row-0 gutters-row-v-lg-2 gutters-row-v-md-2 gutters-row-v-2 style-1800 style-local-1219-c29 position-relative\">\n        <!---->\n        <div class=\"h-row justify-content-lg-center justify-content-md-center justify-content-center align-items-lg-stretch align-items-md-stretch align-items-stretch gutters-col-lg-2 gutters-col-md-2 gutters-col-0 gutters-col-v-lg-2 gutters-col-v-md-2 gutters-col-v-2\">\n          <!---->\n          <div class=\"h-column h-column-container d-flex h-col-lg-auto h-col-md-auto h-col-auto style-1801-outer style-local-1219-c30-outer\">\n            <div data-colibri-id=\"1219-c30\" class=\"d-flex h-flex-basis h-column__inner h-px-lg-2 h-px-md-2 h-px-2 v-inner-lg-2 v-inner-md-2 v-inner-2 style-1801 style-local-1219-c30 position-relative\">\n              <!---->\n              <!---->\n              <div class=\"w-100 h-y-container h-column__content h-column__v-align flex-basis-100 align-self-lg-start align-self-md-start align-self-start\">\n                <!---->\n                <div data-colibri-id=\"1219-c31\" class=\"d-block style-1802 style-local-1219-c31 position-relative h-element\">\n                  <!---->\n                  <div class=\"h-image__frame-container-outer\">\n                    <div class=\"h-image__frame-container\">\n                      <!---->\n                      <!---->\n                      <img loading=\"lazy\" decoding=\"async\" width=\"1000\" height=\"667\" src=\"http:\/\/masacare.com.tr\/wp-content\/uploads\/2022\/10\/1000_F_192866348_FBWbGRIFd9IvIvmopuUXXAUHOljFcqvh-1.jpg\" class=\"wp-image-1509 style-1802-image style-local-1219-c31-image\" alt=\"\" srcset=\"http:\/\/masacare.com.tr\/wp-content\/uploads\/2022\/10\/1000_F_192866348_FBWbGRIFd9IvIvmopuUXXAUHOljFcqvh-1.jpg 1000w, http:\/\/masacare.com.tr\/wp-content\/uploads\/2022\/10\/1000_F_192866348_FBWbGRIFd9IvIvmopuUXXAUHOljFcqvh-1-300x200.jpg 300w, http:\/\/masacare.com.tr\/wp-content\/uploads\/2022\/10\/1000_F_192866348_FBWbGRIFd9IvIvmopuUXXAUHOljFcqvh-1-768x512.jpg 768w, http:\/\/masacare.com.tr\/wp-content\/uploads\/2022\/10\/1000_F_192866348_FBWbGRIFd9IvIvmopuUXXAUHOljFcqvh-1-18x12.jpg 18w\" sizes=\"auto, (max-width: 1000px) 100vw, 1000px\" \/>\n                      <div class=\"h-image__frame h-hide-lg h-hide-md h-hide-sm style-1802-frameImage style-local-1219-c31-frameImage\"><\/div>\n                    <\/div>\n                  <\/div>\n                <\/div>\n              <\/div>\n            <\/div>\n          <\/div>\n        <\/div>\n      <\/div>\n    <\/div>\n  <\/div>\n  <div data-colibri-component=\"section\" data-colibri-id=\"1219-c20\" id=\"reusable-sections-4\" class=\"h-section h-section-global-spacing d-flex align-items-lg-center align-items-md-center align-items-center style-1777 style-local-1219-c20 position-relative\">\n    <!---->\n    <!---->\n    <div class=\"h-section-grid-container h-section-fluid-container\">\n      <!---->\n      <div data-colibri-id=\"1219-c21\" class=\"h-row-container gutters-row-lg-0 gutters-row-md-0 gutters-row-2 gutters-row-v-lg-0 gutters-row-v-md-0 gutters-row-v-2 style-1778 style-local-1219-c21 position-relative\">\n        <!---->\n        <div class=\"h-row justify-content-lg-center justify-content-md-center justify-content-center align-items-lg-stretch align-items-md-stretch align-items-stretch gutters-col-lg-0 gutters-col-md-0 gutters-col-2 gutters-col-v-lg-0 gutters-col-v-md-0 gutters-col-v-2\">\n          <!---->\n          <div class=\"h-column h-column-container d-flex h-col-lg-auto h-col-md-auto h-col-auto style-1779-outer style-local-1219-c22-outer\">\n            <div data-colibri-id=\"1219-c22\" class=\"d-flex h-flex-basis h-column__inner h-px-lg-0 h-px-md-0 h-px-0 v-inner-lg-0 v-inner-md-0 v-inner-0 style-1779 style-local-1219-c22 position-relative\">\n              <!---->\n              <!---->\n              <div class=\"w-100 h-y-container h-column__content h-column__v-align flex-basis-100 align-self-lg-start align-self-md-start align-self-start\">\n                <!---->\n                <div data-colibri-id=\"1219-c23\" class=\"h-global-transition-all h-heading style-1780 style-local-1219-c23 position-relative h-element\">\n                  <!---->\n                  <div class=\"h-heading__outer style-1780 style-local-1219-c23\">\n                    <!---->\n                    <!---->\n                    <h2 class=\"\">Devam Eden \u0130\u015flem Do\u011frulamas\u0131<\/h2>\n                  <\/div>\n                <\/div>\n                <div data-colibri-id=\"1219-c24\" class=\"h-text h-text-component style-1781 style-local-1219-c24 position-relative h-element\">\n                  <!---->\n                  <!---->\n                  <div class=\"\">\n                    <p>Bir kez olu\u015fturulduktan sonra, ekipman kalifikasyon durumu \u015fu yollarla s\u00fcrd\u00fcr\u00fclmelidir:<\/p>\n                    <ul>\n                      <li>Rutin izleme<\/li>\n                      <li>Bak\u0131m onar\u0131m<\/li>\n                      <li>Kalibrasyon prosed\u00fcrleri ve veriler, yeniden kalifikasyonun yap\u0131l\u0131p yap\u0131lmayaca\u011f\u0131n\u0131 belirlemek i\u00e7in periyodik olarak de\u011ferlendirilmelidir.<\/li>\n                    <\/ul>\n                    <p>\n                      <br>\n                    <\/p>\n                    <h2>S\u00fcre\u00e7 yeterlilik a\u015famalar\u0131 \u015funlar\u0131 kapsar:<\/h2>\n                    <p>\n                      <br>\n                    <\/p>\n                    <ul>\n                      <li>Tesisin tasar\u0131m\u0131 ve ekipman\u0131n kalifikasyonu<\/li>\n                      <li>Performans kalifikasyonu&nbsp;<\/li>\n                      <li><span style=\"font-weight: 400; font-size: 16px; font-family: &quot;Open Sans&quot;; color: rgb(156, 0, 121);\">PPQ protokol\u00fc<\/span><\/li>\n                    <\/ul>\n                    <p>\n                      <br>\n                    <\/p>\n                    <h2>S\u00fcre\u00e7 tasar\u0131m\u0131\n                      <br>\n                    <\/h2>\n                    <p>A\u015fama 1 \u00e7\u0131kt\u0131s\u0131:<\/p>\n                    <ul>\n                      <li>Kritik proses parametreleri i\u00e7in limitlerin do\u011frulanmas\u0131\/belirlenmesi.<\/li>\n                      <li>Limitler\/s\u00fcre\u00e7 s\u0131n\u0131r\u0131 do\u011fruland\u0131.<\/li>\n                      <li><span style=\"font-weight: 400; font-size: 16px; font-family: &quot;Open Sans&quot;; color: rgb(156, 0, 121);\">Kontrol stratejisinin olu\u015fturulmas\u0131n\u0131 sa\u011flayan s\u00fcre\u00e7 de\u011fi\u015fkeni bilgisi kazan\u0131l\u0131r.&nbsp;<\/span><\/li>\n                    <\/ul>\n                    <p>\n                      <br>\n                    <\/p>\n                  <\/div>\n                <\/div>\n              <\/div>\n            <\/div>\n          <\/div>\n        <\/div>\n      <\/div>\n    <\/div>\n  <\/div>\n<\/div>","protected":false},"excerpt":{"rendered":"<p>Process Validation 1. Process Design: The commercial process is defined during this stage based on knowledge gained through process development activities. 2. Process Qualification: During this stage, the process design is confirmed as being capable of reproducible commercial manufacturing. Including qualification of the facility, utilities and equipment. 3. Continued Process Verification: Maintenance, continuous verification, and [&hellip;]<\/p>","protected":false},"author":1,"featured_media":0,"parent":0,"menu_order":0,"comment_status":"closed","ping_status":"closed","template":"page-templates\/full-width-page.php","meta":{"footnotes":""},"class_list":["post-1219","page","type-page","status-publish","hentry"],"_links":{"self":[{"href":"http:\/\/masacare.com.tr\/tr\/wp-json\/wp\/v2\/pages\/1219","targetHints":{"allow":["GET"]}}],"collection":[{"href":"http:\/\/masacare.com.tr\/tr\/wp-json\/wp\/v2\/pages"}],"about":[{"href":"http:\/\/masacare.com.tr\/tr\/wp-json\/wp\/v2\/types\/page"}],"author":[{"embeddable":true,"href":"http:\/\/masacare.com.tr\/tr\/wp-json\/wp\/v2\/users\/1"}],"replies":[{"embeddable":true,"href":"http:\/\/masacare.com.tr\/tr\/wp-json\/wp\/v2\/comments?post=1219"}],"version-history":[{"count":4,"href":"http:\/\/masacare.com.tr\/tr\/wp-json\/wp\/v2\/pages\/1219\/revisions"}],"predecessor-version":[{"id":1521,"href":"http:\/\/masacare.com.tr\/tr\/wp-json\/wp\/v2\/pages\/1219\/revisions\/1521"}],"wp:attachment":[{"href":"http:\/\/masacare.com.tr\/tr\/wp-json\/wp\/v2\/media?parent=1219"}],"curies":[{"name":"wp","href":"https:\/\/api.w.org\/{rel}","templated":true}]}}