{"id":1245,"date":"2022-10-05T12:47:39","date_gmt":"2022-10-05T12:47:39","guid":{"rendered":"http:\/\/masacare.com.tr\/?page_id=1245"},"modified":"2022-10-20T06:32:35","modified_gmt":"2022-10-20T06:32:35","slug":"notified-bodies","status":"publish","type":"page","link":"http:\/\/masacare.com.tr\/tr\/notified-bodies\/","title":{"rendered":"Onaylanm\u0131\u015f Kurulu\u015flar"},"content":{"rendered":"<div data-colibri-id=\"1245-c1\" class=\"style-1713 style-local-1245-c1 position-relative\">\n  <!---->\n  <div data-colibri-component=\"section\" data-colibri-id=\"1245-c2\" id=\"reusable-sections\" class=\"h-section h-section-global-spacing d-flex align-items-lg-center align-items-md-center align-items-center style-1714 style-local-1245-c2 position-relative\">\n    <!---->\n    <!---->\n    <div class=\"h-section-grid-container h-section-fluid-container\">\n      <!---->\n      <div data-colibri-id=\"1245-c3\" class=\"h-row-container gutters-row-lg-0 gutters-row-md-0 gutters-row-2 gutters-row-v-lg-0 gutters-row-v-md-0 gutters-row-v-2 style-1715 style-local-1245-c3 position-relative\">\n        <!---->\n        <div class=\"h-row justify-content-lg-center justify-content-md-center justify-content-center align-items-lg-stretch align-items-md-stretch align-items-stretch gutters-col-lg-0 gutters-col-md-0 gutters-col-2 gutters-col-v-lg-0 gutters-col-v-md-0 gutters-col-v-2\">\n          <!---->\n          <div class=\"h-column h-column-container d-flex h-col-lg-auto h-col-md-auto h-col-auto style-1716-outer style-local-1245-c4-outer\">\n            <div data-colibri-id=\"1245-c4\" class=\"d-flex h-flex-basis h-column__inner h-px-lg-0 h-px-md-0 h-px-0 v-inner-lg-0 v-inner-md-0 v-inner-0 style-1716 style-local-1245-c4 position-relative\">\n              <!---->\n              <!---->\n              <div class=\"w-100 h-y-container h-column__content h-column__v-align flex-basis-100 align-self-lg-start align-self-md-start align-self-start\">\n                <!---->\n                <div data-colibri-id=\"1245-c5\" class=\"h-global-transition-all h-heading style-1717 style-local-1245-c5 position-relative h-element\">\n                  <!---->\n                  <div class=\"h-heading__outer style-1717 style-local-1245-c5\">\n                    <!---->\n                    <!---->\n                    <h2 class=\"\">Notified Body<\/h2>\n                  <\/div>\n                <\/div>\n                <div data-colibri-id=\"1245-c6\" class=\"h-text h-text-component style-1718 style-local-1245-c6 position-relative h-element\">\n                  <!---->\n                  <!---->\n                  <div class=\"\">\n                    <p>1. Work as intermediate between the NB and the manufacturer \u2013 technical documentation submission and audit support<\/p>\n                    <p>2. Corrects NB review comments, modify\/reply to NB with correction and supporting evidences<\/p>\n                    <p>\n                      <br>\n                    <\/p>\n                    <p>\n                      <br>\n                    <\/p>\n                    <p>\n                      <br>\n                    <\/p>\n                  <\/div>\n                <\/div>\n              <\/div>\n            <\/div>\n          <\/div>\n          <div class=\"h-column h-column-container d-flex h-col-lg-auto h-col-md-auto h-col-auto style-1723-outer style-local-1245-c7-outer\">\n            <div data-colibri-id=\"1245-c7\" class=\"d-flex h-flex-basis h-column__inner h-ui-empty-state-container h-px-lg-0 h-px-md-0 h-px-0 v-inner-lg-0 v-inner-md-0 v-inner-0 style-1723 style-local-1245-c7 position-relative\">\n              <!---->\n              <!---->\n              <div class=\"w-100 h-y-container h-column__content h-column__v-align flex-basis-100\">\n                <!---->\n              <\/div>\n            <\/div>\n          <\/div>\n        <\/div>\n      <\/div>\n    <\/div>\n  <\/div>\n<\/div>","protected":false},"excerpt":{"rendered":"<p>Notified Body 1. Work as intermediate between the NB and the manufacturer \u2013 technical documentation submission and audit support 2. Corrects NB review comments, modify\/reply to NB with correction and supporting evidences<\/p>","protected":false},"author":1,"featured_media":0,"parent":0,"menu_order":0,"comment_status":"closed","ping_status":"closed","template":"page-templates\/full-width-page.php","meta":{"footnotes":""},"class_list":["post-1245","page","type-page","status-publish","hentry"],"_links":{"self":[{"href":"http:\/\/masacare.com.tr\/tr\/wp-json\/wp\/v2\/pages\/1245","targetHints":{"allow":["GET"]}}],"collection":[{"href":"http:\/\/masacare.com.tr\/tr\/wp-json\/wp\/v2\/pages"}],"about":[{"href":"http:\/\/masacare.com.tr\/tr\/wp-json\/wp\/v2\/types\/page"}],"author":[{"embeddable":true,"href":"http:\/\/masacare.com.tr\/tr\/wp-json\/wp\/v2\/users\/1"}],"replies":[{"embeddable":true,"href":"http:\/\/masacare.com.tr\/tr\/wp-json\/wp\/v2\/comments?post=1245"}],"version-history":[{"count":4,"href":"http:\/\/masacare.com.tr\/tr\/wp-json\/wp\/v2\/pages\/1245\/revisions"}],"predecessor-version":[{"id":1535,"href":"http:\/\/masacare.com.tr\/tr\/wp-json\/wp\/v2\/pages\/1245\/revisions\/1535"}],"wp:attachment":[{"href":"http:\/\/masacare.com.tr\/tr\/wp-json\/wp\/v2\/media?parent=1245"}],"curies":[{"name":"wp","href":"https:\/\/api.w.org\/{rel}","templated":true}]}}